{"id":4098,"date":"2023-10-20T17:42:26","date_gmt":"2023-10-20T10:42:26","guid":{"rendered":"https:\/\/compasstourist.com\/?post_type=product&#038;p=4098"},"modified":"2023-10-20T17:42:27","modified_gmt":"2023-10-20T10:42:27","slug":"du-lich-malaysia-5-ngay-4-dem","status":"publish","type":"product","link":"https:\/\/compasstourist.com\/vi\/san-pham\/du-lich-malaysia-5-ngay-4-dem\/","title":{"rendered":"Du l\u1ecbch Malaysia 5 ng\u00e0y 4 \u0111\u00eam"},"content":{"rendered":"<h3><span style=\"color: #ff0000;\"><u><b>NG\u00c0Y 01 |\u00a0\u00a0<\/b><strong>TP.HCM \u2013 PENANG\u00a0(\u0102N TR\u01afA NH\u1eb8 + T\u1ed0I)<\/strong><\/u><\/span><\/h3>\n<div>\n<p><span style=\"color: #000000;\"><u><strong>S\u00e1ng:<\/strong><\/u> Tr\u01b0\u1edfng \u0111o\u00e0n Compass Tourist \u0111\u00f3n Qu\u00fd kh\u00e1ch t\u1ea1i \u0111i\u1ec3m h\u1eb9n\u00a0<em>c\u1ed9t s\u1ed1 12, c\u1ed5ng D2, Ga<\/em><strong>\u00a0<\/strong>\u0111i qu\u1ed1c t\u1ebf S\u00e2n bay T\u00e2n S\u01a1n Nh\u1ea5t v\u00e0 l\u00e0m th\u1ee7 t\u1ee5c kh\u1edfi h\u00e0nh \u0111i Penang, Malaysia tr\u00ean\u00a0chuy\u1ebfn bay<strong>\u00a0<\/strong>l\u00fac<strong>\u00a013:35.<\/strong>\u00a0\u00a0<\/span><\/p>\n<p><span style=\"color: #000000;\"><strong>***Quy\u0301 kha\u0301ch \u0103n tr\u01b0a nhe\u0323 tr\u00ean m\u00e1y bay.<\/strong><\/span><\/p>\n<p><span style=\"color: #000000;\"><u><strong>Chi\u1ec1u:<\/strong><\/u>\u00a0\u0110o\u00e0n \u0111\u1ebfn\u00a0Penang, Xe &amp; H\u01b0\u1edbng D\u1eabn Vi\u00ean (HDV) \u0111\u1ecba ph\u01b0\u01a1ng \u0111\u00f3n qu\u00fd kh\u00e1ch b\u1eaft \u0111\u1ea7u\u00a0<strong>tour du l\u1ecbch Malaysia 5 ng\u00e0y 4 \u0111\u00eam<\/strong>:<\/span><\/p>\n<p><span style=\"color: #000000;\">Chi\u00eam ng\u01b0\u1ee1ng c\u00e2y c\u1ea7u <strong>Penang\u00a0Sultan Abdul Halim Muadzam Shah\u00a0<\/strong>\u2013 c\u1ea7u v\u01b0\u1ee3t bi\u1ec3n d\u00e0i nh\u1ea5t \u0110\u00f4ng Nam \u00c1.\u00a0To\u00e0n b\u1ed9 c\u1ea7u d\u00e0i 24km trong \u0111\u00f3 ph\u1ea7n b\u1eafc qua eo bi\u1ec3n d\u00e0i 17km.<\/span><\/p>\n<figure style=\"width: 599px\" class=\"wp-caption aligncenter\"><img loading=\"lazy\" decoding=\"async\" src=\"https:\/\/files.structurae.net\/files\/photos\/1\/jksb.jpg\" alt=\"Penang\u00a0Sultan Abdul Halim Muadzam Shah\" width=\"599\" height=\"363\" \/><figcaption class=\"wp-caption-text\">Penang\u00a0Sultan Abdul Halim Muadzam Shah<\/figcaption><\/figure>\n<p><span style=\"color: #000000;\"><u><strong>T\u1ed1i:<\/strong><\/u>\u00a0\u0110o\u00e0n d\u00f9ng c\u01a1m t\u1ed1i. Nh\u1eadn ph\u00f2ng kh\u00e1ch s\u1ea1n<strong>\u00a0<\/strong>ngh\u1ec9 ng\u01a1i, t\u1ef1 do kh\u00e1m ph\u00e1 Penang v\u1ec1 \u0111\u00eam. Ngh\u1ec9 \u0111\u00eam t\u1ea1i Penang<\/span><\/p>\n<h3><span style=\"color: #ff0000;\"><strong><u>NG\u00c0Y 02 | V\u01af\u1edcN TH\u1ef0C V\u1eacT\u00a0\u2013 \u0110\u1ec0N TH\u1edc R\u1eaeN\u00a0\u2013 CON \u0110\u01af\u1edcNG TRANH 3D\u00a0(\u0102N 02 B\u1eeeA)<\/u><\/strong><\/span><\/h3>\n<p><span style=\"color: #000000;\"><u><strong>S\u00e1ng:<\/strong><\/u>\u00a0\u0110o\u00e0n d\u00f9ng buffet s\u00e1ng t\u1ea1i kh\u00e1ch s\u1ea1n. Xe &amp; HDV \u0111\u01b0a \u0111o\u00e0n kh\u1edfi h\u00e0nh tham quan:<\/span><\/p>\n<ul>\n<li><span style=\"color: #000000;\"><strong>Botanical Garden Penang<\/strong>, hay c\u00f2n g\u1ecdi l\u00e0 Con \u0111\u01b0\u1eddng v\u01b0\u1eddn hoa, c\u0169ng l\u00e0 khu v\u01b0\u1eddn th\u1ef1c v\u1eadt duy nh\u1ea5t c\u1ee7a Malaysia, v\u1edbi nhi\u1ec1u c\u1ea3nh \u0111\u1eb9p, kh\u00f4ng gian tho\u00e1ng \u0111\u00e3ng trong l\u00e0nh.<\/span>\n<figure style=\"width: 600px\" class=\"wp-caption aligncenter\"><img loading=\"lazy\" decoding=\"async\" src=\"https:\/\/www.yukke.id\/wp-content\/uploads\/2023\/03\/Penang-Botanical-Garden_1penang.webp\" alt=\"Con \u0111\u01b0\u1eddng v\u01b0\u1eddn hoa Botanical Garden Penang\" width=\"600\" height=\"399\" \/><figcaption class=\"wp-caption-text\">Con \u0111\u01b0\u1eddng v\u01b0\u1eddn hoa Botanical Garden Penang &#8211; Malaysia<\/figcaption><\/figure><\/li>\n<li><span style=\"color: #000000;\"><strong>\u0110\u1ec1n R\u1eafn<\/strong>\u00a0&#8211; Ng\u00f4i \u0111\u1ec1n n\u1ed5i ti\u1ebfng kh\u00f4ng ch\u1ec9 t\u1ea1i Penang m\u00e0 c\u00f2n t\u1ea1i khu v\u1ef1c \u0110\u00f4ng Nam \u00c1. \u0110i\u1ec3m \u0111\u1eb7c tr\u01b0ng c\u1ee7a khu ch\u00ednh \u0111i\u1ec7n n\u00e0y kh\u00f4ng ph\u1ea3i l\u00e0 nh\u1eefng pho t\u01b0\u1ee3ng s\u01a1n son th\u1ebfp v\u00e0ng m\u00e0 l\u00e0 nh\u1eefng ch\u00fa r\u1eafn c\u00f2n s\u1ed1ng ung dung n\u1eb1m tr\u00ean nh\u1eefng b\u1ec7 th\u1edd.<\/span><\/li>\n<li><span style=\"color: #000000;\"><strong>Art Streets<\/strong>\u00a0\u1edf khu ph\u1ed1 c\u1ed5\u00a0<strong>George Town<\/strong>. T\u1ea1i \u0111\u00e2y qu\u00fd kh\u00e1ch s\u1ebd \u0111\u01b0\u1ee3c t\u1ef1 do kh\u00e1m ph\u00e1 v\u00e0 t\u00ecm cho m\u00ecnh nh\u1eefng g\u00f3c h\u00ecnh ch\u1ee5p 3D \u0111\u1eb9p. C\u00e1c con \u0111\u01b0\u1eddng n\u1ed5i ti\u1ebfng v\u1edbi ngh\u1ec7 thu\u1eadt tranh t\u01b0\u1eddng 3D nh\u01b0\u00a0<em>Armenian,\u00a0Muntri, Ah Quee,\u00a0Cannon,\u00a0Chulia,\u2026<\/em><\/span><\/li>\n<\/ul>\n<p><span style=\"color: #000000;\"><u><strong>Tr\u01b0a:<\/strong><\/u>\u00a0\u0110o\u00e0n d\u00f9ng c\u01a1m tr\u01b0a t\u1ea1i nh\u00e0 h\u00e0ng \u0111\u1ecba ph\u01b0\u01a1ng.<\/span><\/p>\n<p><span style=\"color: #000000;\"><u><strong>Chi\u1ec1u<\/strong><\/u>: Qu\u00fd kh\u00e1ch kh\u00e1m ph\u00e1, tr\u1ea3i nghi\u1ec7m:<\/span><\/p>\n<ul>\n<li><span style=\"color: #000000;\">\u0110i\u00a0<strong>xe l\u1eeda<\/strong>\u00a0l\u00ean\u00a0<strong>\u0111\u1ed3i Penang<\/strong>. T\u1eeb \u0111\u00e2y c\u00f3 th\u1ec3 nh\u00ecn th\u1ea5y phong c\u1ea3nh c\u1ee7a c\u1ea3 th\u00e0nh ph\u1ed1 Penang b\u00ean d\u01b0\u1edbi.<\/span><\/li>\n<li><span style=\"color: #000000;\"><em>Nh\u00e0 m\u00e1y v\u00e0 B\u1ea3o t\u00e0ng Chocolate<\/em>, v\u1edbi nhi\u1ec1u h\u01b0\u01a1ng v\u1ecb \u0111\u1eb7c bi\u1ec7t kh\u00f3 qu\u00ean, qu\u00fd kh\u00e1ch c\u00f3 th\u1ec3 mua v\u1ec1 l\u00e0m qu\u00e0 cho ng\u01b0\u1eddi th\u00e2n.<\/span><\/li>\n<\/ul>\n<p><span style=\"color: #000000;\">Sau \u0111\u00f3 qu\u00fd kh\u00e1ch t\u1ef1 do kh\u00e1m ph\u00e1 khu ch\u1ee3 \u0111\u00eam v\u00e0 th\u01b0\u1edfng th\u1ee9c \u1ea9m th\u1ef1c \u0111\u01b0\u1eddng ph\u1ed1 n\u1ed5i ti\u1ebfng t\u1ea1i\u00a0<strong>Penang Street<\/strong>. C\u00e1c m\u00f3n \u0103n m\u00e0 qu\u00fd kh\u00e1ch n\u00ean th\u01b0\u1edfng th\u1ee9c t\u1ea1i Penang nh\u01b0:\u00a0Hookkien Mee (c\u00f3 2 lo\u1ea1i m\u00ec x\u00e0o v\u00e0 m\u00ec n\u01b0\u1edbc), ch\u00e8 Cendol, c\u01a1m Nasi Lamak, Assam Laska.\u00a0<strong><em>(Chi ph\u00ed \u0103n t\u1ed1i t\u1ef1 t\u00fac)<\/em><\/strong><\/span><\/p>\n<p><span style=\"color: #000000;\">T\u1ed1i: \u0110o\u00e0n tr\u1edf v\u1ec1 kh\u00e1ch s\u1ea1n ngh\u1ec9 ng\u01a1i, t\u1ef1 do kh\u00e1m ph\u00e1 Penang v\u1ec1 \u0111\u00eam. Ngh\u1ec9 \u0111\u00eam t\u1ea1i Penang<\/span><\/p>\n<h3><span style=\"color: #ff0000;\"><u><strong>NG\u00c0Y 03 | CH\u00d9A PH\u1eacT NG\u1ee6\u00a0\u2013 N\u00d4NG TR\u1ea0I \u00a0&#8211; IPOH (\u0102N 03 B\u1eeeA<\/strong><\/u><\/span><\/h3>\n<p><span style=\"color: #000000;\"><u><strong>S\u00e1ng:<\/strong><\/u>\u00a0\u0110o\u00e0n d\u00f9ng buffet s\u00e1ng t\u1ea1i kh\u00e1ch s\u1ea1n. Sau \u0111\u00f3 tr\u1ea3 ph\u00f2ng. Xe &amp; HDV \u0111\u01b0a qu\u00fd kh\u00e1ch kh\u1edfi h\u00e0nh tham quan:<\/span><\/p>\n<ul>\n<li><span style=\"color: #000000;\"><span style=\"color: #000000;\"><strong>Ch\u00f9a<\/strong>\u00a0<strong>Dhammikarama Burmese<\/strong>\u00a0&#8211; Ng\u00f4i ch\u00f9a \u0111\u01b0\u1ee3c x\u00e2y d\u1ef1ng t\u1eeb \u0111\u1ea7u th\u1ebf k\u1ef7 19 b\u1edfi c\u1ed9ng \u0111\u1ed3ng ng\u01b0\u1eddi Myanmar, l\u00e0 ng\u00f4i \u0111\u1ec1n th\u1edd Ph\u1eadt l\u00e2u \u0111\u1eddi nh\u1ea5t \u1edf Penang.<\/span><\/span>\n<figure style=\"width: 600px\" class=\"wp-caption aligncenter\"><img loading=\"lazy\" decoding=\"async\" src=\"https:\/\/www.goldentour.com.vn\/uploads\/THE%20GIOI\/MALAYSIA\/dulichmalaysia-ghethamdaopenang-9.jpg\" alt=\"Dhammikarama Burmese\" width=\"600\" height=\"400\" \/><figcaption class=\"wp-caption-text\">Dhammikarama Burmese &#8211; Malaysia<\/figcaption><\/figure><\/li>\n<li><span style=\"color: #000000;\"><strong>Ch\u00f9a<\/strong>\u00a0<strong>Wat Chaiya Mangkalaram<\/strong>\u00a0\u2013 \u0111\u01b0\u1ee3c x\u00e2y d\u1ef1ng theo ki\u1ebfn tr\u00fac Th\u00e1i lan, c\u00f3 pho t\u01b0\u1ee3ng Ph\u1eadt n\u1eb1m d\u00e0i 33m l\u1edbn th\u1ee9 ba th\u1ebf gi\u1edbi. N\u01a1i \u0111\u00e2y ch\u00ednh l\u00e0 tr\u00e1i tim Ph\u1eadt gi\u00e1o Penang, Malaysia.<\/span><\/li>\n<\/ul>\n<p><span style=\"color: #000000;\"><u><strong>Tr\u01b0a:<\/strong><\/u>\u00a0\u0110o\u00e0n \u0103n tr\u01b0a t\u1ea1i nh\u00e0 h\u00e0ng.<\/span><\/p>\n<p><span style=\"color: #000000;\"><u><strong>Chi\u1ec1u<\/strong><\/u>: Xe \u0111\u01b0a qu\u00fd kh\u00e1ch di chuy\u1ec3n \u0111\u1ebfn Th\u00e0nh ph\u1ed1 Ipoh. \u0110o\u00e0n tham quan\u00a0<strong>Pamelo Farm\u00a0<\/strong><strong>\u2013 N\u00f4ng tr\u1ea1i B\u01b0\u1edfi<\/strong>\u00a0n\u1ed5i ti\u1ebfng t\u1ea1i Ipoh, ngo\u00e0i ra c\u00f2n r\u1ea5t nhi\u1ec1u lo\u1ea1i tr\u00e1i c\u00e2y kh\u00e1c.\u00a0<\/span><\/p>\n<p><span style=\"color: #000000;\">\u0110o\u00e0n nh\u1eadn ph\u00f2ng t\u1ea1i\u00a0<em>Kh\u00e1ch s\u1ea1n 4* Sunway Lost World<\/em>\u00a0n\u1ed5i ti\u1ebfng v\u1edbi ngu\u1ed3n n\u01b0\u1edbc n\u00f3ng thi\u00ean nhi\u00ean v\u00e0 h\u00e0ng tr\u0103m tr\u00f2 ch\u01a1i h\u1ea5p d\u1eabn cho m\u1ecdi l\u1ee9a tu\u1ed5i. Qu\u00fd kh\u00e1ch c\u00f3 th\u1ec3 tr\u1ea3i nghi\u1ec7m: Ng\u00e2m m\u00ecnh t\u1ea1i\u00a0<em>su\u1ed1i n\u01b0\u1edbc n\u00f3ng tr\u1ecb li\u1ec7u, tham quan C\u00f4ng vi\u00ean th\u00fa ban \u0111\u00eam<\/em>, Th\u01b0\u1edfng th\u1ee9c c\u00e1c\u00a0<em>show di\u1ec5n v\u0103n h\u00f3a, Kh\u00e1m ph\u00e1 R\u1eebng d\u1ea1 quang,\u2026<\/em><\/span><\/p>\n<p><span style=\"color: #000000;\"><u><strong>T\u1ed1i:<\/strong><\/u>\u00a0\u0110o\u00e0n d\u00f9ng c\u01a1m t\u1ed1i. Ngh\u1ec9 \u0111\u00eam t\u1ea1i IPOH<\/span><\/p>\n<h3><span style=\"color: #ff0000;\"><u><strong>NG\u00c0Y 04 | IPOH\u00a0&#8211; KUALA LUMPUR &#8211; CAO NGUY\u00caN GENTING \u2013 \u0110\u1ed8NG BATU (\u0102N 03 B\u1eeeA)<\/strong><\/u><\/span><\/h3>\n<p><span style=\"color: #000000;\"><u><strong>S\u00e1ng:<\/strong><\/u>\u00a0Qu\u00fd kh\u00e1ch d\u00f9ng \u0111i\u1ec3m t\u00e2m s\u00e1ng t\u1ea1i kh\u00e1ch s\u1ea1n, sau \u0111\u00f3, xe &amp; HDV \u0111\u01b0a\u00a0\u0111o\u00e0n kh\u1edfi h\u00e0nh v\u1ec1 Th\u1ee7 \u0111\u00f4 Kuala Lumpur\u00a0tham quan\u00a0<strong>du l\u1ecbch Malaysia<\/strong>:<\/span><\/p>\n<ul>\n<li><span style=\"color: #000000;\">\u0110\u1ed9ng Batu:<strong>\u00a0<\/strong>\u0110\u01b0\u1ee3c xem l\u00e0 th\u00e1nh \u0111\u1ecba c\u1ee7a c\u1ed9ng \u0111\u1ed3ng ng\u01b0\u1eddi Malaysia g\u1ed1c \u1ea4n, chi\u00eam ng\u01b0\u1ee1ng<strong>\u00a0b\u1ee9c t\u01b0\u1ee3ng Hindu cao nh\u1ea5t\u00a0<\/strong>ch\u00e2u \u00c1 v\u00e0 chinh ph\u1ee5c 272 b\u1eadc thang \u0111\u1ec3 v\u00e0o tham quan c\u00e1c \u0111\u1ec1n th\u1edd v\u1edbi nhi\u1ec1u b\u1ee9c t\u01b0\u1ee3ng \u0111\u1ed9c \u0111\u00e1o.<\/span><\/li>\n<li><span style=\"color: #000000;\">Tham quan &amp; Mua s\u1eafm t\u1ea1i c\u1eeda h\u00e0ng \u0111\u1ed3ng h\u1ed3 mi\u1ec5n thu\u1ebf<\/span><\/li>\n<li><span style=\"color: #000000;\">C\u1eeda h\u00e0ng \u0111\u00e1 \u0111en \u2013 Qu\u1ed1c b\u1ea3o c\u1ee7a Malaysia<\/span><\/li>\n<li><span style=\"color: #000000;\">C\u1eeda h\u00e0ng \u0111\u1eb7c s\u1ea3n \u0111\u1ecba ph\u01b0\u01a1ng<\/span><\/li>\n<\/ul>\n<p><span style=\"color: #000000;\"><u><strong>Tr\u01b0a:<\/strong><\/u>\u00a0\u0110o\u00e0n d\u00f9ng b\u1eefa tr\u01b0a t\u1ea1i nh\u00e0 h\u00e0ng \u0111\u1ecba ph\u01b0\u01a1ng.<\/span><\/p>\n<p><span style=\"color: #000000;\"><u><strong>Chi\u1ec1u:<\/strong><\/u>\u00a0Xe \u0111\u01b0a \u0111o\u00e0n ti\u1ebfp t\u1ee5c h\u00e0nh tr\u00ecnh \u0111\u1ebfn v\u1edbi\u00a0<strong>Cao nguy\u00ean Genting\u00a0<\/strong>\u2013 Khu vui ch\u01a1i gi\u1ea3i tr\u00ed l\u1edbn nh\u1ea5t Malaysia:<\/span><\/p>\n<p><span style=\"color: #000000;\">Chinh ph\u1ee5c cao nguy\u00ean Genting cao kho\u1ea3ng 2000m (d\u00e0i 14km, kho\u1ea3ng 12 ph\u00fat) b\u1eb1ng h\u1ec7 th\u1ed1ng\u00a0<em>c\u00e1p treo Skyway Cable Car<\/em><strong>\u00a0<\/strong>(Trong tr\u01b0\u1eddng h\u1ee3p c\u00e1p treo b\u1ea3o tr\u00ec ph\u1ea3i \u0111i b\u1eb1ng xe c\u1ee7a Genting). \u0110\u1ebfn Genting, trung t\u00e2m gi\u1ea3i tr\u00ed n\u1ed5i ti\u1ebfng c\u1ee7a Malaysia,\u00a0<em>b\u1ea3n sao c\u1ee7a s\u00f2ng b\u1ea1c Las Vegas<\/em>, Qu\u00fd Kh\u00e1ch\u00a0<em>th\u1eed v\u1eadn may t\u1ea1i Sky Casino<\/em>\u00a0n\u1ed5i ti\u1ebfng t\u1ea1i \u0111\u00e2y.<\/span><\/p>\n<p><span style=\"color: #000000;\"><u><strong>T\u1ed1i:<\/strong><\/u>\u00a0\u0110o\u00e0n tr\u1edf v\u1ec1\u00a0<strong>Kuala Lumpur<\/strong>, d\u00f9ng c\u01a1m t\u1ed1i. Nh\u00e2n ph\u00f2ng kh\u00e1ch s\u1ea1n. Ngh\u1ec9 \u0111\u00eam t\u1ea1i Kuala Lumpur<\/span><\/p>\n<h3><span style=\"color: #ff0000;\"><strong><u>NG\u00c0Y 05 | KUALA LUMPUR \u2013 TH\u00c0NH PH\u1ed2 M\u1edaI PUTRA JAYA \u2013 TP.HCM (\u0102N S\u00c1NG)<\/u><\/strong><\/span><\/h3>\n<p><span style=\"color: #000000;\"><u><strong>S\u00e1ng:<\/strong><\/u>\u00a0\u0110o\u00e0n d\u00f9ng \u0111i\u1ec3m t\u00e2m s\u00e1ng t\u1ea1i kh\u00e1ch s\u1ea1n, tr\u1ea3 ph\u00f2ng. Xe \u0111\u01b0a \u0111o\u00e0n tham quan city tour Kuala Lumpur:<\/span><\/p>\n<ul>\n<li><span style=\"color: #000000;\">Ch\u1ee5p \u1ea3nh l\u01b0u ni\u1ec7m b\u00ean ngo\u00e0i v\u00e0 tham quan mua s\u1eafm trong<em>\u00a0Th\u00e1p \u0110\u00f4i Petronas (Petronas Twin Towers)<\/em><b>\u00a0<\/b>\u2013 bi\u1ec3u t\u01b0\u1ee3ng c\u1ee7a th\u1ee7 \u0111\u00f4 Kuala Lumpur.<\/span><\/li>\n<\/ul>\n<p><span style=\"color: #000000;\"><u><strong>Tr\u01b0a<\/strong><\/u>:\u00a0\u0110o\u00e0n d\u00f9ng c\u01a1m tr\u01b0a. Ti\u1ebfp t\u1ee5c h\u00e0nh tr\u00ecnh tham quan:<\/span><\/p>\n<ul>\n<li><span style=\"color: #000000;\"><span style=\"color: #000000;\"><strong>Th\u00e0nh Ph\u1ed1 m\u1edbi Putrajaya<\/strong>, v\u1edbi c\u00e1c c\u00f4ng tr\u00ecnh v\u00e0 c\u1ea3nh quan \u0111\u1ed9c \u0111\u00e1o nh\u01b0:<em>\u00a0Th\u00e1nh \u0111\u01b0\u1eddng H\u1ed3i Gi\u00e1o Qu\u1ed1c Gia, Ph\u1ee7 Th\u1ee7 T\u01b0\u1edbng, Ho\u00e0ng Cung Ti\u1ec3u V\u01b0\u01a1ng, Qu\u1ea3ng Tr\u01b0\u1eddng Putra, Khu V\u0103n Ph\u00f2ng H\u00e0nh Ch\u00ednh\u2026<\/em><\/span><\/span>\n<figure style=\"width: 600px\" class=\"wp-caption aligncenter\"><img loading=\"lazy\" decoding=\"async\" src=\"https:\/\/luhanhvietnam.com.vn\/tour-malaysia\/wp-content\/uploads\/2022\/06\/gioi-thieu-thanh-pho-moi-putrajaya.jpg\" alt=\"Th\u00e0nh ph\u1ed1 m\u1edbi Putrajaya: Thi\u00ean \u0111\u01b0\u1eddng du l\u1ecbch m\u1edbi n\u1ed5i t\u1ea1i Malaysia\" width=\"600\" height=\"600\" \/><figcaption class=\"wp-caption-text\">Putrajaya &#8211; Malaysia<\/figcaption><\/figure><\/li>\n<\/ul>\n<p><span style=\"color: #000000;\">\u0110o\u00e0n ti\u1ebfp t\u1ee5c \u0111\u1ebfn th\u1eb3ng s\u00e2n bay l\u00e0m th\u1ee7 t\u1ee5c, \u0111\u00e1p chuy\u1ebfn bay v\u1ec1 l\u1ea1i Vi\u1ec7t Nam. \u0110\u1ebfn s\u00e2n bay T\u00e2n S\u01a1n Nh\u1ea5t, ch\u01b0\u01a1ng tr\u00ecnh\u00a0<strong>tour du l\u1ecbch\u00a0Malaysia 5 ng\u00e0y 4 \u0111\u00eam<\/strong>:\u00a0Penang &#8211; Ipoh<strong>\u00a0<\/strong>k\u1ebft th\u00fac. Tr\u01b0\u1edfng \u0111o\u00e0n Vietnam Booking ch\u00e0o t\u1ea1m bi\u1ec7t qu\u00fd kh\u00e1ch. H\u1eb9n g\u1eb7p l\u1ea1i qu\u00fd kh\u00e1ch v\u00e0o c\u00e1c <strong>tour du l\u1ecbch<\/strong>\u00a0sau !<\/span><\/p>\n<p><span style=\"color: #000000;\"><em><u>Ch\u00fa \u00fd<\/u> : Th\u1ee9 t\u1ef1 ch\u01b0\u01a1ng tr\u00ecnh c\u00f3 th\u1ec3 thay \u0111\u1ed5i theo s\u1ef1 s\u1eafp x\u1ebfp c\u1ee7a Compass Tourist \u0111\u1ec3 ph\u00f9 h\u1ee3p v\u1edbi t\u00ecnh h\u00ecnh th\u1ef1c t\u1ebf nh\u01b0ng v\u1eabn \u0111\u1ea3m b\u1ea3o \u0111\u1ea7y \u0111\u1ee7 c\u00e1c \u0111i\u1ec3m tham quan \u0111\u00e3 n\u00eau trong ch\u01b0\u01a1ng tr\u00ecnh.<\/em><\/span><\/p>\n<\/div>\n","protected":false},"excerpt":{"rendered":"<p><span style=\"color: #000000;\">H\u00e0nh tr\u00ecnh: Malaysia<\/span><\/p>\n<p><span style=\"color: #000000;\">Th\u1eddi gian: 5 ng\u00e0y 4 \u0111\u00eam<\/span><\/p>\n<p><span style=\"color: #000000;\">Di chuy\u1ec3n: m\u00e1y bay, xe bus<\/span><\/p>\n","protected":false},"featured_media":3961,"comment_status":"open","ping_status":"closed","template":"","meta":{"_acf_changed":false},"product_brand":[],"product_cat":[68,100],"product_tag":[210],"class_list":{"0":"post-4098","1":"product","2":"type-product","3":"status-publish","4":"has-post-thumbnail","6":"product_cat-tour-du-lich","7":"product_cat-tour-malaysia","8":"product_tag-malaysia","10":"first","11":"instock","12":"shipping-taxable","13":"product-type-simple"},"acf":[],"yoast_head":"<!-- This site is optimized with the Yoast SEO plugin v25.8 - https:\/\/yoast.com\/wordpress\/plugins\/seo\/ -->\n<title>Du l\u1ecbch Malaysia 5 ng\u00e0y 4 \u0111\u00eam - Compass Tourist<\/title>\n<meta name=\"description\" content=\"Du l\u1ecbch Malaysia \u0111i nh\u1eefng \u0111\u00e2u? \u0110\u1ebfn Malaysia \u0103n g\u00ec, \u1edf \u0111\u00e2u? B\u1ea1n lo l\u1eafng kh\u00f4ng bi\u1ebft b\u1eaft \u0111\u1ea7u t\u1eeb \u0111\u00e2u. Ch\u00fang t\u00f4i s\u1ebd g\u1ed7 tr\u1ee3 b\u1ea1n t\u1ea5t c\u1ea3.\" \/>\n<meta name=\"robots\" content=\"index, follow, max-snippet:-1, max-image-preview:large, max-video-preview:-1\" \/>\n<link rel=\"canonical\" href=\"https:\/\/compasstourist.com\/vi\/san-pham\/du-lich-malaysia-5-ngay-4-dem\/\" \/>\n<meta property=\"og:locale\" content=\"vi_VN\" \/>\n<meta property=\"og:type\" content=\"article\" \/>\n<meta property=\"og:title\" content=\"Du l\u1ecbch Malaysia 5 ng\u00e0y 4 \u0111\u00eam - Compass Tourist\" \/>\n<meta property=\"og:description\" content=\"Du l\u1ecbch Malaysia \u0111i nh\u1eefng \u0111\u00e2u? \u0110\u1ebfn Malaysia \u0103n g\u00ec, \u1edf \u0111\u00e2u? B\u1ea1n lo l\u1eafng kh\u00f4ng bi\u1ebft b\u1eaft \u0111\u1ea7u t\u1eeb \u0111\u00e2u. Ch\u00fang t\u00f4i s\u1ebd g\u1ed7 tr\u1ee3 b\u1ea1n t\u1ea5t c\u1ea3.\" \/>\n<meta property=\"og:url\" content=\"https:\/\/compasstourist.com\/vi\/san-pham\/du-lich-malaysia-5-ngay-4-dem\/\" \/>\n<meta property=\"og:site_name\" content=\"Compass Tourist\" \/>\n<meta property=\"article:modified_time\" content=\"2023-10-20T10:42:27+00:00\" \/>\n<meta property=\"og:image\" content=\"https:\/\/compasstourist.com\/wp-content\/uploads\/2023\/10\/malaysia1.jpg\" \/>\n\t<meta property=\"og:image:width\" content=\"612\" \/>\n\t<meta property=\"og:image:height\" content=\"408\" \/>\n\t<meta property=\"og:image:type\" content=\"image\/jpeg\" \/>\n<meta name=\"twitter:card\" content=\"summary_large_image\" \/>\n<meta name=\"twitter:label1\" content=\"Est. reading time\" \/>\n\t<meta name=\"twitter:data1\" content=\"7 minutes\" \/>\n<script type=\"application\/ld+json\" class=\"yoast-schema-graph\">{\"@context\":\"https:\/\/schema.org\",\"@graph\":[{\"@type\":\"WebPage\",\"@id\":\"https:\/\/compasstourist.com\/vi\/san-pham\/du-lich-malaysia-5-ngay-4-dem\/\",\"url\":\"https:\/\/compasstourist.com\/vi\/san-pham\/du-lich-malaysia-5-ngay-4-dem\/\",\"name\":\"Du l\u1ecbch Malaysia 5 ng\u00e0y 4 \u0111\u00eam - Compass Tourist\",\"isPartOf\":{\"@id\":\"https:\/\/compasstourist.com\/vi\/#website\"},\"primaryImageOfPage\":{\"@id\":\"https:\/\/compasstourist.com\/vi\/san-pham\/du-lich-malaysia-5-ngay-4-dem\/#primaryimage\"},\"image\":{\"@id\":\"https:\/\/compasstourist.com\/vi\/san-pham\/du-lich-malaysia-5-ngay-4-dem\/#primaryimage\"},\"thumbnailUrl\":\"https:\/\/compasstourist.com\/wp-content\/uploads\/2023\/10\/malaysia1.jpg\",\"datePublished\":\"2023-10-20T10:42:26+00:00\",\"dateModified\":\"2023-10-20T10:42:27+00:00\",\"description\":\"Du l\u1ecbch Malaysia \u0111i nh\u1eefng \u0111\u00e2u? \u0110\u1ebfn Malaysia \u0103n g\u00ec, \u1edf \u0111\u00e2u? B\u1ea1n lo l\u1eafng kh\u00f4ng bi\u1ebft b\u1eaft \u0111\u1ea7u t\u1eeb \u0111\u00e2u. Ch\u00fang t\u00f4i s\u1ebd g\u1ed7 tr\u1ee3 b\u1ea1n t\u1ea5t c\u1ea3.\",\"breadcrumb\":{\"@id\":\"https:\/\/compasstourist.com\/vi\/san-pham\/du-lich-malaysia-5-ngay-4-dem\/#breadcrumb\"},\"inLanguage\":\"vi-VN\",\"potentialAction\":[{\"@type\":\"ReadAction\",\"target\":[\"https:\/\/compasstourist.com\/vi\/san-pham\/du-lich-malaysia-5-ngay-4-dem\/\"]}]},{\"@type\":\"ImageObject\",\"inLanguage\":\"vi-VN\",\"@id\":\"https:\/\/compasstourist.com\/vi\/san-pham\/du-lich-malaysia-5-ngay-4-dem\/#primaryimage\",\"url\":\"https:\/\/compasstourist.com\/wp-content\/uploads\/2023\/10\/malaysia1.jpg\",\"contentUrl\":\"https:\/\/compasstourist.com\/wp-content\/uploads\/2023\/10\/malaysia1.jpg\",\"width\":612,\"height\":408,\"caption\":\"Petronas Towers, also known as Menara Petronas is the tallest buildings in the world from 1998 to 2004.\"},{\"@type\":\"BreadcrumbList\",\"@id\":\"https:\/\/compasstourist.com\/vi\/san-pham\/du-lich-malaysia-5-ngay-4-dem\/#breadcrumb\",\"itemListElement\":[{\"@type\":\"ListItem\",\"position\":1,\"name\":\"Home\",\"item\":\"https:\/\/compasstourist.com\/vi\/\"},{\"@type\":\"ListItem\",\"position\":2,\"name\":\"C\u1eeda h\u00e0ng\",\"item\":\"https:\/\/compasstourist.com\/vi\/cua-hang\/\"},{\"@type\":\"ListItem\",\"position\":3,\"name\":\"Du l\u1ecbch Malaysia 5 ng\u00e0y 4 \u0111\u00eam\"}]},{\"@type\":\"WebSite\",\"@id\":\"https:\/\/compasstourist.com\/vi\/#website\",\"url\":\"https:\/\/compasstourist.com\/vi\/\",\"name\":\"Compass Tourist\",\"description\":\"\",\"potentialAction\":[{\"@type\":\"SearchAction\",\"target\":{\"@type\":\"EntryPoint\",\"urlTemplate\":\"https:\/\/compasstourist.com\/vi\/?s={search_term_string}\"},\"query-input\":{\"@type\":\"PropertyValueSpecification\",\"valueRequired\":true,\"valueName\":\"search_term_string\"}}],\"inLanguage\":\"vi-VN\"}]}<\/script>\n<!-- \/ Yoast SEO plugin. -->","yoast_head_json":{"title":"Du l\u1ecbch Malaysia 5 ng\u00e0y 4 \u0111\u00eam - Compass Tourist","description":"Du l\u1ecbch Malaysia \u0111i nh\u1eefng \u0111\u00e2u? \u0110\u1ebfn Malaysia \u0103n g\u00ec, \u1edf \u0111\u00e2u? B\u1ea1n lo l\u1eafng kh\u00f4ng bi\u1ebft b\u1eaft \u0111\u1ea7u t\u1eeb \u0111\u00e2u. Ch\u00fang t\u00f4i s\u1ebd g\u1ed7 tr\u1ee3 b\u1ea1n t\u1ea5t c\u1ea3.","robots":{"index":"index","follow":"follow","max-snippet":"max-snippet:-1","max-image-preview":"max-image-preview:large","max-video-preview":"max-video-preview:-1"},"canonical":"https:\/\/compasstourist.com\/vi\/san-pham\/du-lich-malaysia-5-ngay-4-dem\/","og_locale":"vi_VN","og_type":"article","og_title":"Du l\u1ecbch Malaysia 5 ng\u00e0y 4 \u0111\u00eam - Compass Tourist","og_description":"Du l\u1ecbch Malaysia \u0111i nh\u1eefng \u0111\u00e2u? \u0110\u1ebfn Malaysia \u0103n g\u00ec, \u1edf \u0111\u00e2u? B\u1ea1n lo l\u1eafng kh\u00f4ng bi\u1ebft b\u1eaft \u0111\u1ea7u t\u1eeb \u0111\u00e2u. Ch\u00fang t\u00f4i s\u1ebd g\u1ed7 tr\u1ee3 b\u1ea1n t\u1ea5t c\u1ea3.","og_url":"https:\/\/compasstourist.com\/vi\/san-pham\/du-lich-malaysia-5-ngay-4-dem\/","og_site_name":"Compass Tourist","article_modified_time":"2023-10-20T10:42:27+00:00","og_image":[{"width":612,"height":408,"url":"https:\/\/compasstourist.com\/wp-content\/uploads\/2023\/10\/malaysia1.jpg","type":"image\/jpeg"}],"twitter_card":"summary_large_image","twitter_misc":{"Est. reading time":"7 minutes"},"schema":{"@context":"https:\/\/schema.org","@graph":[{"@type":"WebPage","@id":"https:\/\/compasstourist.com\/vi\/san-pham\/du-lich-malaysia-5-ngay-4-dem\/","url":"https:\/\/compasstourist.com\/vi\/san-pham\/du-lich-malaysia-5-ngay-4-dem\/","name":"Du l\u1ecbch Malaysia 5 ng\u00e0y 4 \u0111\u00eam - Compass Tourist","isPartOf":{"@id":"https:\/\/compasstourist.com\/vi\/#website"},"primaryImageOfPage":{"@id":"https:\/\/compasstourist.com\/vi\/san-pham\/du-lich-malaysia-5-ngay-4-dem\/#primaryimage"},"image":{"@id":"https:\/\/compasstourist.com\/vi\/san-pham\/du-lich-malaysia-5-ngay-4-dem\/#primaryimage"},"thumbnailUrl":"https:\/\/compasstourist.com\/wp-content\/uploads\/2023\/10\/malaysia1.jpg","datePublished":"2023-10-20T10:42:26+00:00","dateModified":"2023-10-20T10:42:27+00:00","description":"Du l\u1ecbch Malaysia \u0111i nh\u1eefng \u0111\u00e2u? \u0110\u1ebfn Malaysia \u0103n g\u00ec, \u1edf \u0111\u00e2u? B\u1ea1n lo l\u1eafng kh\u00f4ng bi\u1ebft b\u1eaft \u0111\u1ea7u t\u1eeb \u0111\u00e2u. Ch\u00fang t\u00f4i s\u1ebd g\u1ed7 tr\u1ee3 b\u1ea1n t\u1ea5t c\u1ea3.","breadcrumb":{"@id":"https:\/\/compasstourist.com\/vi\/san-pham\/du-lich-malaysia-5-ngay-4-dem\/#breadcrumb"},"inLanguage":"vi-VN","potentialAction":[{"@type":"ReadAction","target":["https:\/\/compasstourist.com\/vi\/san-pham\/du-lich-malaysia-5-ngay-4-dem\/"]}]},{"@type":"ImageObject","inLanguage":"vi-VN","@id":"https:\/\/compasstourist.com\/vi\/san-pham\/du-lich-malaysia-5-ngay-4-dem\/#primaryimage","url":"https:\/\/compasstourist.com\/wp-content\/uploads\/2023\/10\/malaysia1.jpg","contentUrl":"https:\/\/compasstourist.com\/wp-content\/uploads\/2023\/10\/malaysia1.jpg","width":612,"height":408,"caption":"Petronas Towers, also known as Menara Petronas is the tallest buildings in the world from 1998 to 2004."},{"@type":"BreadcrumbList","@id":"https:\/\/compasstourist.com\/vi\/san-pham\/du-lich-malaysia-5-ngay-4-dem\/#breadcrumb","itemListElement":[{"@type":"ListItem","position":1,"name":"Home","item":"https:\/\/compasstourist.com\/vi\/"},{"@type":"ListItem","position":2,"name":"C\u1eeda h\u00e0ng","item":"https:\/\/compasstourist.com\/vi\/cua-hang\/"},{"@type":"ListItem","position":3,"name":"Du l\u1ecbch Malaysia 5 ng\u00e0y 4 \u0111\u00eam"}]},{"@type":"WebSite","@id":"https:\/\/compasstourist.com\/vi\/#website","url":"https:\/\/compasstourist.com\/vi\/","name":"Compass Tourist","description":"","potentialAction":[{"@type":"SearchAction","target":{"@type":"EntryPoint","urlTemplate":"https:\/\/compasstourist.com\/vi\/?s={search_term_string}"},"query-input":{"@type":"PropertyValueSpecification","valueRequired":true,"valueName":"search_term_string"}}],"inLanguage":"vi-VN"}]}},"_links":{"self":[{"href":"https:\/\/compasstourist.com\/vi\/wp-json\/wp\/v2\/product\/4098","targetHints":{"allow":["GET"]}}],"collection":[{"href":"https:\/\/compasstourist.com\/vi\/wp-json\/wp\/v2\/product"}],"about":[{"href":"https:\/\/compasstourist.com\/vi\/wp-json\/wp\/v2\/types\/product"}],"replies":[{"embeddable":true,"href":"https:\/\/compasstourist.com\/vi\/wp-json\/wp\/v2\/comments?post=4098"}],"wp:featuredmedia":[{"embeddable":true,"href":"https:\/\/compasstourist.com\/vi\/wp-json\/wp\/v2\/media\/3961"}],"wp:attachment":[{"href":"https:\/\/compasstourist.com\/vi\/wp-json\/wp\/v2\/media?parent=4098"}],"wp:term":[{"taxonomy":"product_brand","embeddable":true,"href":"https:\/\/compasstourist.com\/vi\/wp-json\/wp\/v2\/product_brand?post=4098"},{"taxonomy":"product_cat","embeddable":true,"href":"https:\/\/compasstourist.com\/vi\/wp-json\/wp\/v2\/product_cat?post=4098"},{"taxonomy":"product_tag","embeddable":true,"href":"https:\/\/compasstourist.com\/vi\/wp-json\/wp\/v2\/product_tag?post=4098"}],"curies":[{"name":"wp","href":"https:\/\/api.w.org\/{rel}","templated":true}]}}