{"id":4093,"date":"2023-10-20T16:41:59","date_gmt":"2023-10-20T09:41:59","guid":{"rendered":"https:\/\/compasstourist.com\/?post_type=product&#038;p=4093"},"modified":"2023-10-20T16:43:27","modified_gmt":"2023-10-20T09:43:27","slug":"du-lich-dai-loan-6-ngay-5-dem","status":"publish","type":"product","link":"https:\/\/compasstourist.com\/vi\/san-pham\/du-lich-dai-loan-6-ngay-5-dem\/","title":{"rendered":"Du l\u1ecbch \u0110\u00e0i Loan 6 ng\u00e0y 5 \u0111\u00eam"},"content":{"rendered":"<h2><span style=\"color: #ff0000;\"><strong>Ng\u00e0y 01: TPHCM \u2013 \u0110\u00e0i B\u1eafc\u00a0(\u0102n t\u1ed1i)<\/strong><\/span><\/h2>\n<p><span style=\"color: #000000;\">H\u01b0\u1edbng d\u1eabn vi\u00ean\u00a0<em><strong>c\u00f4ng ty du l\u1ecbch<\/strong><\/em>\u00a0\u0111\u00f3n \u0111o\u00e0n t\u1ea1i Ga \u0111i Qu\u1ed1c T\u1ebf, s\u00e2n bay T\u00e2n S\u01a1n Nh\u1ea5t l\u00e0m th\u1ee7 t\u1ee5c chuy\u1ebfn bay \u0111i\u00a0\u0110\u00e0i B\u1eafc &#8211; th\u1ee7 ph\u1ee7 x\u1ee9 du l\u1ecbch\u00a0\u0110\u00e0i Loan. \u0110\u1ebfn \u0110\u00e0i B\u1eafc, \u0111o\u00e0n l\u00ean xe \u0111\u1ebfn nh\u00e0 h\u00e0ng d\u00f9ng b\u1eefa t\u1ed1i, sau \u0111\u00f3 v\u1ec1 nh\u1eadn ph\u00f2ng kh\u00e1ch s\u1ea1n.\u00a0\u0110o\u00e0n ngh\u1ec9 \u0111\u00eam t\u1ea1i kh\u00e1ch s\u1ea1n 5*\u00a0 \u0110\u00e0o Vi\u00ean.<\/span><\/p>\n<h2><span style=\"color: #ff0000;\"><strong>Ng\u00e0y 2: \u0110\u00e0i B\u1eafc \u2013 Ph\u1ed1 \u0110\u1ea1m Th\u1ee7y \u2013 ch\u1ee3 \u0111\u00eam S\u0129 L\u00e2m (\u0102n 3 b\u1eefa)<\/strong><\/span><\/h2>\n<p><span style=\"color: #000000;\"><strong>S\u00e1ng:<\/strong>\u00a0\u0102n s\u00e1ng t\u1ea1i kh\u00e1ch s\u1ea1n. Qu\u00fd kh\u00e1ch l\u00ean \u0111\u01b0\u1eddng \u0111\u1ebfn ph\u1ed1 c\u1ed5 \u0110\u1ea1m Th\u1ee7y tr\u1ea3i nghi\u1ec7m v\u1ebb ho\u00e0i c\u1ed5 v\u1edbi l\u1ed1i ki\u1ebfn tr\u00fac \u0111\u1ed9c \u0111\u00e1o v\u00e0 ng\u1eafm c\u00e1c h\u00e0ng qu\u00e1n mang s\u1eafc th\u00e1i\u00a0nh\u01b0 trong phim b\u1ed9 \u0110\u00e0i Loan. Qu\u00fd kh\u00e1ch tham quan\u00a0Vi\u1ec7n b\u1ea3o t\u00e0ng C\u1ed1 Cung &#8211; n\u01a1i l\u01b0u gi\u1eef v\u00f4 s\u1ed1 c\u1ed5 v\u1eadt qu\u00fd b\u00e1u qua h\u01a1n 5000 n\u0103m l\u1ecbch s\u1eed Trung Hoa. Ti\u1ebfp t\u1ee5c \u0111\u1ebfn c\u1eeda h\u00e0ng Th\u1ea7n th\u00fa T\u00ec H\u01b0u. \u0110o\u00e0n di chuy\u1ec3n t\u1edbi T\u00f2a th\u00e1p Taipei 101\u00a0\u2013 t\u00f2a nh\u00e0 101 t\u1ea7ng n\u1ed5i ti\u1ebfng nh\u1ea5t\u00a0<strong>du l\u1ecbch<\/strong>\u00a0<strong>\u0110\u00e0i Loan<\/strong>\u00a0(Chi ph\u00ed l\u00ean t\u1ea7ng 89 t\u1ef1 t\u00fac).<\/span><\/p>\n<p><span style=\"color: #000000;\"><strong>Chi\u1ec1u:<\/strong>\u00a0Qu\u00fd kh\u00e1ch t\u1ef1 do mua s\u1eafm trong khu th\u01b0\u01a1ng m\u1ea1i s\u1ea7m u\u1ea5t\u00a0<strong>Taipei 101<\/strong>. \u0102n t\u1ed1i. Qu\u00fd kh\u00e1ch t\u1ef1 do kh\u00e1m ph\u00e1\u00a0<strong>Ch\u1ee3 \u0111\u00eam S\u0129 L\u00e2m<\/strong>, th\u01b0\u1edfng th\u1ee9c c\u00e1c m\u00f3n ngon.\u00a0<strong>\u0110o\u00e0n ngh\u1ec9 \u0111\u00eam t\u1ea1i<\/strong><strong>\u00a0\u0110\u00e0i B\u1eafc<\/strong>.<\/span><\/p>\n<figure style=\"width: 603px\" class=\"wp-caption aligncenter\"><img loading=\"lazy\" decoding=\"async\" src=\"https:\/\/luhanhvietnam.com.vn\/du-lich\/vnt_upload\/news\/09_2019\/photo-27-15340350003522128822652-min.jpg\" alt=\"ph\u1ed1 c\u1ed5 \u0110\u1ea1m Th\u1ee7y - \u0110\u00e0i Loan\" width=\"603\" height=\"630\" \/><figcaption class=\"wp-caption-text\"><span style=\"color: #000000;\">ph\u1ed1 c\u1ed5 \u0110\u1ea1m Th\u1ee7y &#8211; \u0110\u00e0i Loan<\/span><\/figcaption><\/figure>\n<h2><span style=\"color: #ff0000;\"><strong>Ng\u00e0y 3: \u0110\u00e0i B\u1eafc \u2013 H\u1ed3 Nh\u1eadt Nguy\u1ec7t \u2013 ATYAL Resort (\u0102n 3 b\u1eefa)<\/strong><\/span><\/h2>\n<p><span style=\"color: #000000;\"><strong>S\u00e1ng:<\/strong>\u00a0\u0110o\u00e0n tham quan, ch\u1ee5p h\u00ecnh b\u00ean ngo\u00e0i\u00a0<strong>Ph\u1ee7 T\u1ed5ng Th\u1ed1ng<\/strong>\u00a0&#8211; n\u01a1i l\u00e0m vi\u1ec7c c\u1ee7a vi\u00ean ch\u1ee9c t\u1ed1i cao \u0110\u00e0i Loan. Sau \u0111\u00f3, qu\u00fd kh\u00e1ch l\u00ean xe \u0111i\u00a0<strong>Nam \u0110\u1ea7u \u0110\u00e0i Trung<\/strong>.\u00a0D\u1ea1o thuy\u1ec1n ng\u1eafm c\u1ea3nh\u00a0<strong>h\u1ed3 Nh\u1eadt Nguy\u1ec7t<\/strong>\u00a0&#8211; h\u1ed3 n\u01b0\u1edbc ng\u1ecdt l\u1edbn v\u00e0 n\u00ean th\u01a1 nh\u1ea5t t\u1ea1i \u0110\u00e0i Loan. Ti\u1ebfp t\u1ee5c tham quan\u00a0<strong>V\u0103n V\u00f5 Mi\u1ebfu<\/strong>\u00a0&#8211; n\u01a1i th\u1edd \u0110\u1ee9c Kh\u1ed5ng T\u1eed v\u00e0 Quan C\u00f4ng.<\/span><\/p>\n<p><span style=\"color: #000000;\"><strong>Chi\u1ec1u:\u00a0<\/strong>\u0110o\u00e0n \u0111\u1ebfn trang tr\u1ea1i tr\u1ed3ng tr\u00e0\u00a0Cao S\u01a1n, th\u01b0\u1edfng th\u1ee9c t\u00e1ch tr\u00e0 \u00d4 Long th\u01a1m ngon c\u1ee7a v\u00f9ng \u0110\u00e0i Trung. Ti\u1ebfp theo, qu\u00fd kh\u00e1ch l\u00ean xe \u0111\u1ebfn v\u1edbi\u00a0<strong>Atayal Resort<\/strong>\u00a0tham gia c\u00e1c tr\u00f2 ch\u01a1i: xe \u0111i\u1ec7n \u0111\u1ee5ng, xe l\u1eeda tr\u00ean kh\u00f4ng v\u00e0 ng\u00e2m m\u00ecnh th\u01b0 gi\u00e3n trong su\u1ed1i n\u01b0\u1edbc n\u00f3ng. \u00a0\u0110o\u00e0n ngh\u1ec9 \u0111\u00eam t\u1ea1i Atayal Resort.<\/span><\/p>\n<figure style=\"width: 600px\" class=\"wp-caption aligncenter\"><img loading=\"lazy\" decoding=\"async\" src=\"https:\/\/sacotravel.com\/wp-content\/uploads\/2023\/02\/ho-nhat-nguyet.jpg\" alt=\"H\u1ed3 Nh\u1eadt Nguy\u1ec7t - Du l\u1ecbch \u0110\u00e0i Loan\" width=\"600\" height=\"338\" \/><figcaption class=\"wp-caption-text\"><\/span> <span style=\"color: #000000;\">H\u1ed3 Nh\u1eadt Nguy\u1ec7t &#8211; Du l\u1ecbch \u0110\u00e0i Loan<\/span><\/figcaption><\/figure>\n<h2><span style=\"color: #ff0000;\"><strong>Ng\u00e0y 4: Nam \u0110\u1ea7u \u2013 KDL A L\u00fd S\u01a1n \u2013 Gia Ngh\u0129a (\u0102n 3 b\u1eefa)<\/strong><\/span><\/h2>\n<p><span style=\"color: #000000;\">\u0102n s\u00e1ng. Q\u00fay kh\u00e1ch l\u00ean xe \u0111\u1ebfn khu\u00a0du l\u1ecbch\u00a0<strong>A L\u00fd S\u01a1n<\/strong>\u00a0&#8211; ng\u1ecdn n\u00fai cao nh\u1ea5t \u0110\u00f4ng Nam \u00c1 s\u1edf h\u1eefu c\u1ea3nh s\u1eafc tuy\u1ec7t \u0111\u1eb9. Nh\u1eefng c\u1ea3nh s\u1eafc \u1ea5n t\u01b0\u1ee3ng nh\u01b0: m\u1eb7t tr\u1eddi m\u1ecdc tr\u00ean n\u00fai, bi\u1ec3n m\u00e2y b\u1ec1nh b\u1ed3ng ngang m\u1eaft, r\u1eebng r\u1eadm xanh ng\u1eaft c\u00f9ng tr\u1eddi r\u00e1ng chi\u1ec1u l\u00e3ng m\u1ea1n&#8230; lu\u00f4n khi\u1ebfn kh\u00e1ch du l\u1ecbch ng\u1ea5t ng\u00e2y.\u00a0\u0110o\u00e0n \u0111\u1ebfn th\u01b0\u1edfng ngo\u1ea1n c\u1ea3nh s\u1eafc\u00a0<strong>\u0110\u1ea7m T\u1ef7 Mu\u1ed9i<\/strong>\u00a0v\u1edbi hai h\u1ed3 n\u01b0\u1edbc \u0111\u1eb9p v\u00e0 nghe giai tho\u1ea1i v\u1ec1 b\u1ed9 t\u1ed9c A L\u00fd S\u01a1n. Q\u00fay kh\u00e1ch t\u1eadn m\u1eaft nh\u00ecn ng\u1eafm\u00a0Th\u1ea7n M\u1ed9c Tam Th\u1ebf\u00a0 h\u01a1n 1000 tu\u1ed5i. \u0110o\u00e0n v\u1ec1\u00a0<strong>Gia Ngh\u0129a<\/strong>\u00a0ngh\u1ec9 \u0111\u00eam t\u1ea1i kh\u00e1ch s\u1ea1n 5*.<\/span><\/p>\n<figure style=\"width: 550px\" class=\"wp-caption aligncenter\"><img loading=\"lazy\" decoding=\"async\" src=\"https:\/\/luhanhvietnam.com.vn\/du-lich\/vnt_upload\/news\/09_2020\/mua-xuan-tren-nui-a-ly-dai-loan-min.jpg\" alt=\"Tr\u1ea3i nghi\u1ec7m \u1edf n\u00fai A L\u00fd \u0110\u00e0i Loan \u2013 ch\u1ed1n thi\u00ean \u0111\u01b0\u1eddng d\u01b0\u1edbi h\u1ea1 gi\u1edbi\" width=\"550\" height=\"412\" \/><figcaption class=\"wp-caption-text\"><\/span> <span style=\"color: #000000;\">n\u00fai A L\u00fd \u0110\u00e0i Loan<\/span><\/figcaption><\/figure>\n<p>&nbsp;<\/p>\n<h2><span style=\"color: #ff0000;\"><strong>Ng\u00e0y 5: Gia Ngh\u0129a \u2013 Cao H\u00f9ng \u2013 Ph\u1eadt Quang S\u01a1n (\u0102n 3 b\u1eefa)<\/strong><strong>\u00a0<\/strong><\/span><\/h2>\n<p><span style=\"color: #000000;\">Sau b\u1eefa s\u00e1ng, qu\u00fd kh\u00e1ch l\u00ean xe \u0111i\u00a0<strong>Cao H\u00f9ng \u2013 th\u00e0nh ph\u1ed1 l\u1edbn th\u1ee9 2 \u0110\u00e0i Loan.\u00a0<\/strong>\u0110o\u00e0n tham quan\u00a0<strong>Ph\u1eadt Quang S\u01a1n<\/strong>, chi\u00eam ng\u01b0\u1ee1ng t\u01b0\u1ee3ng Ph\u1eadt cao 120 m\u00e9t. Ti\u1ebfp \u0111\u1ebfn l\u00e0\u00a0<strong>Xu\u00e2n Thu C\u00e1c<\/strong>,\u00a0<strong>Hoa Li\u00ean \u0110\u00e0m<\/strong>. \u0110o\u00e0n tham quan<b>\u00a0<\/b><strong>Trung t\u00e2m s\u1ea3n xu\u1ea5t \u0111\u00e1 qu\u00fd Cao H\u00f9ng<\/strong>, c\u1eeda hi\u1ec7u\u00a0<strong>b\u00e1nh c\u1ed5 truy\u1ec1n<\/strong>\u00a0\u0110\u00e0i Loan. Q\u00fay kh\u00e1ch mua s\u1eafm t\u1ea1i\u00a0<strong>si\u00eau th\u1ecb Dream Mall<\/strong>.\u00a0\u0110o\u00e0n \u0103n t\u1ed1i. Sau \u0111\u00f3, qu\u00fd kh\u00e1ch t\u1ef1 do kh\u00e1m ph\u00e1\u00a0<strong>ch\u1ee3 \u0110\u00eam L\u1ee5c H\u1ee3p<\/strong>.\u00a0<strong>Ngh\u1ec9 \u0111\u00eam t\u1ea1i<\/strong><b>\u00a0<\/b><strong>kh\u00e1ch s\u1ea1n Cao H\u00f9ng 4*.<\/strong><\/span><\/p>\n<figure style=\"width: 500px\" class=\"wp-caption aligncenter\"><img loading=\"lazy\" decoding=\"async\" src=\"https:\/\/univietravel.com\/uploads\/diem-den\/nuocngoai\/dailoan\/phatquangson\/phat-quang-son-kinh-do-phat-giao-dai-loan-5.jpg\" alt=\"Ph\u1eadt Quang S\u01a1n - \u0110\u00e0i Loan\" width=\"500\" height=\"332\" \/><figcaption class=\"wp-caption-text\"><\/span> <span style=\"color: #000000;\">Ph\u1eadt Quang S\u01a1n &#8211; \u0110\u00e0i Loan<\/span><\/figcaption><\/figure>\n<h2><span style=\"color: #ff0000;\"><strong>Ng\u00e0y 06:<\/strong><b>\u00a0<\/b><strong>Cao H\u00f9ng \u2013 TPHCM \u00a0(\u0102n S\u00e1ng)<\/strong><\/span><\/h2>\n<p><span style=\"color: #000000;\">\u0110o\u00e0n d\u00f9ng b\u1eefa s\u00e1ng. Xe \u0111\u01b0a qu\u00fd kh\u00e1ch ra\u00a0<strong>s\u00e2n bay Cao H\u00f9ng<\/strong><b>\u00a0<\/b>\u0111\u00e1p chuy\u1ebfn bay v\u1ec1 Tp.H\u1ed3 Ch\u00ed Minh. K\u1ebft th\u00fac ch\u01b0\u01a1ng tr\u00ecnh tham quan. H\u01b0\u1edbng d\u1eabn vi\u00ean t\u1ea1m bi\u1ec7t v\u00e0 h\u1eb9n g\u1eb7p l\u1ea1i qu\u00fd kh\u00e1ch trong nh\u1eefng\u00a0<b><i>tour \u0111i n\u01b0\u1edbc ngo\u00e0i<\/i><\/b>\u00a0k\u1ebf ti\u1ebfp.<\/span><\/p>\n","protected":false},"excerpt":{"rendered":"<p><span style=\"color: #000000;\">H\u00e0nh tr\u00ecnh: \u0110\u00e0i Loan\u00a0<\/span><\/p>\n<p><span style=\"color: #000000;\">Th\u1eddi gian: 5 ng\u00e0y 4 \u0111\u00eam<\/span><\/p>\n<p><span style=\"color: #000000;\">Di chuy\u1ec3n: M\u00e1y bay, xe kh\u00e1ch\u00a0<\/span><\/p>\n","protected":false},"featured_media":4087,"comment_status":"open","ping_status":"closed","template":"","meta":{"_acf_changed":false},"product_brand":[],"product_cat":[68,99],"product_tag":[221],"class_list":{"0":"post-4093","1":"product","2":"type-product","3":"status-publish","4":"has-post-thumbnail","6":"product_cat-tour-du-lich","7":"product_cat-tour-dai-loan","8":"product_tag-dai-loan","10":"first","11":"instock","12":"shipping-taxable","13":"product-type-simple"},"acf":[],"yoast_head":"<!-- This site is optimized with the Yoast SEO plugin v25.8 - https:\/\/yoast.com\/wordpress\/plugins\/seo\/ -->\n<title>Du l\u1ecbch \u0110\u00e0i Loan 6 ng\u00e0y 5 \u0111\u00eam - Compass Tourist<\/title>\n<meta name=\"description\" content=\"B\u1ea1n mu\u1ed1n \u0111i du l\u1ecbch \u0110\u00e0i Loan nh\u01b0ng kh\u00f4ng bi\u1ebft b\u1eaft \u0111\u1ea7u t\u1eeb \u0111\u00e2u. \u0110i du l\u1ecbch \u0110\u00e0i Loan c\u1ea7n nh\u1eefng th\u1ee7 t\u1ee5c g\u00ec? \u0110\u1ebfn \u0110\u00e0i Loan \u0103n g\u00ec, \u1edf \u0111\u00e2u?\" \/>\n<meta name=\"robots\" content=\"index, follow, max-snippet:-1, max-image-preview:large, max-video-preview:-1\" \/>\n<link rel=\"canonical\" href=\"https:\/\/compasstourist.com\/vi\/san-pham\/du-lich-dai-loan-6-ngay-5-dem\/\" \/>\n<meta property=\"og:locale\" content=\"vi_VN\" \/>\n<meta property=\"og:type\" content=\"article\" \/>\n<meta property=\"og:title\" content=\"Du l\u1ecbch \u0110\u00e0i Loan 6 ng\u00e0y 5 \u0111\u00eam - Compass Tourist\" \/>\n<meta property=\"og:description\" content=\"B\u1ea1n mu\u1ed1n \u0111i du l\u1ecbch \u0110\u00e0i Loan nh\u01b0ng kh\u00f4ng bi\u1ebft b\u1eaft \u0111\u1ea7u t\u1eeb \u0111\u00e2u. \u0110i du l\u1ecbch \u0110\u00e0i Loan c\u1ea7n nh\u1eefng th\u1ee7 t\u1ee5c g\u00ec? \u0110\u1ebfn \u0110\u00e0i Loan \u0103n g\u00ec, \u1edf \u0111\u00e2u?\" \/>\n<meta property=\"og:url\" content=\"https:\/\/compasstourist.com\/vi\/san-pham\/du-lich-dai-loan-6-ngay-5-dem\/\" \/>\n<meta property=\"og:site_name\" content=\"Compass Tourist\" \/>\n<meta property=\"article:modified_time\" content=\"2023-10-20T09:43:27+00:00\" \/>\n<meta property=\"og:image\" content=\"https:\/\/compasstourist.com\/wp-content\/uploads\/2023\/10\/dai-loan2.jpg\" \/>\n\t<meta property=\"og:image:width\" content=\"800\" \/>\n\t<meta property=\"og:image:height\" content=\"534\" \/>\n\t<meta property=\"og:image:type\" content=\"image\/jpeg\" \/>\n<meta name=\"twitter:card\" content=\"summary_large_image\" \/>\n<meta name=\"twitter:label1\" content=\"Est. reading time\" \/>\n\t<meta name=\"twitter:data1\" content=\"5 minutes\" \/>\n<script type=\"application\/ld+json\" class=\"yoast-schema-graph\">{\"@context\":\"https:\/\/schema.org\",\"@graph\":[{\"@type\":\"WebPage\",\"@id\":\"https:\/\/compasstourist.com\/vi\/san-pham\/du-lich-dai-loan-6-ngay-5-dem\/\",\"url\":\"https:\/\/compasstourist.com\/vi\/san-pham\/du-lich-dai-loan-6-ngay-5-dem\/\",\"name\":\"Du l\u1ecbch \u0110\u00e0i Loan 6 ng\u00e0y 5 \u0111\u00eam - Compass Tourist\",\"isPartOf\":{\"@id\":\"https:\/\/compasstourist.com\/vi\/#website\"},\"primaryImageOfPage\":{\"@id\":\"https:\/\/compasstourist.com\/vi\/san-pham\/du-lich-dai-loan-6-ngay-5-dem\/#primaryimage\"},\"image\":{\"@id\":\"https:\/\/compasstourist.com\/vi\/san-pham\/du-lich-dai-loan-6-ngay-5-dem\/#primaryimage\"},\"thumbnailUrl\":\"https:\/\/compasstourist.com\/wp-content\/uploads\/2023\/10\/dai-loan2.jpg\",\"datePublished\":\"2023-10-20T09:41:59+00:00\",\"dateModified\":\"2023-10-20T09:43:27+00:00\",\"description\":\"B\u1ea1n mu\u1ed1n \u0111i du l\u1ecbch \u0110\u00e0i Loan nh\u01b0ng kh\u00f4ng bi\u1ebft b\u1eaft \u0111\u1ea7u t\u1eeb \u0111\u00e2u. \u0110i du l\u1ecbch \u0110\u00e0i Loan c\u1ea7n nh\u1eefng th\u1ee7 t\u1ee5c g\u00ec? \u0110\u1ebfn \u0110\u00e0i Loan \u0103n g\u00ec, \u1edf \u0111\u00e2u?\",\"breadcrumb\":{\"@id\":\"https:\/\/compasstourist.com\/vi\/san-pham\/du-lich-dai-loan-6-ngay-5-dem\/#breadcrumb\"},\"inLanguage\":\"vi-VN\",\"potentialAction\":[{\"@type\":\"ReadAction\",\"target\":[\"https:\/\/compasstourist.com\/vi\/san-pham\/du-lich-dai-loan-6-ngay-5-dem\/\"]}]},{\"@type\":\"ImageObject\",\"inLanguage\":\"vi-VN\",\"@id\":\"https:\/\/compasstourist.com\/vi\/san-pham\/du-lich-dai-loan-6-ngay-5-dem\/#primaryimage\",\"url\":\"https:\/\/compasstourist.com\/wp-content\/uploads\/2023\/10\/dai-loan2.jpg\",\"contentUrl\":\"https:\/\/compasstourist.com\/wp-content\/uploads\/2023\/10\/dai-loan2.jpg\",\"width\":800,\"height\":534},{\"@type\":\"BreadcrumbList\",\"@id\":\"https:\/\/compasstourist.com\/vi\/san-pham\/du-lich-dai-loan-6-ngay-5-dem\/#breadcrumb\",\"itemListElement\":[{\"@type\":\"ListItem\",\"position\":1,\"name\":\"Home\",\"item\":\"https:\/\/compasstourist.com\/vi\/\"},{\"@type\":\"ListItem\",\"position\":2,\"name\":\"C\u1eeda h\u00e0ng\",\"item\":\"https:\/\/compasstourist.com\/vi\/cua-hang\/\"},{\"@type\":\"ListItem\",\"position\":3,\"name\":\"Du l\u1ecbch \u0110\u00e0i Loan 6 ng\u00e0y 5 \u0111\u00eam\"}]},{\"@type\":\"WebSite\",\"@id\":\"https:\/\/compasstourist.com\/vi\/#website\",\"url\":\"https:\/\/compasstourist.com\/vi\/\",\"name\":\"Compass Tourist\",\"description\":\"\",\"potentialAction\":[{\"@type\":\"SearchAction\",\"target\":{\"@type\":\"EntryPoint\",\"urlTemplate\":\"https:\/\/compasstourist.com\/vi\/?s={search_term_string}\"},\"query-input\":{\"@type\":\"PropertyValueSpecification\",\"valueRequired\":true,\"valueName\":\"search_term_string\"}}],\"inLanguage\":\"vi-VN\"}]}<\/script>\n<!-- \/ Yoast SEO plugin. -->","yoast_head_json":{"title":"Du l\u1ecbch \u0110\u00e0i Loan 6 ng\u00e0y 5 \u0111\u00eam - Compass Tourist","description":"B\u1ea1n mu\u1ed1n \u0111i du l\u1ecbch \u0110\u00e0i Loan nh\u01b0ng kh\u00f4ng bi\u1ebft b\u1eaft \u0111\u1ea7u t\u1eeb \u0111\u00e2u. \u0110i du l\u1ecbch \u0110\u00e0i Loan c\u1ea7n nh\u1eefng th\u1ee7 t\u1ee5c g\u00ec? \u0110\u1ebfn \u0110\u00e0i Loan \u0103n g\u00ec, \u1edf \u0111\u00e2u?","robots":{"index":"index","follow":"follow","max-snippet":"max-snippet:-1","max-image-preview":"max-image-preview:large","max-video-preview":"max-video-preview:-1"},"canonical":"https:\/\/compasstourist.com\/vi\/san-pham\/du-lich-dai-loan-6-ngay-5-dem\/","og_locale":"vi_VN","og_type":"article","og_title":"Du l\u1ecbch \u0110\u00e0i Loan 6 ng\u00e0y 5 \u0111\u00eam - Compass Tourist","og_description":"B\u1ea1n mu\u1ed1n \u0111i du l\u1ecbch \u0110\u00e0i Loan nh\u01b0ng kh\u00f4ng bi\u1ebft b\u1eaft \u0111\u1ea7u t\u1eeb \u0111\u00e2u. \u0110i du l\u1ecbch \u0110\u00e0i Loan c\u1ea7n nh\u1eefng th\u1ee7 t\u1ee5c g\u00ec? \u0110\u1ebfn \u0110\u00e0i Loan \u0103n g\u00ec, \u1edf \u0111\u00e2u?","og_url":"https:\/\/compasstourist.com\/vi\/san-pham\/du-lich-dai-loan-6-ngay-5-dem\/","og_site_name":"Compass Tourist","article_modified_time":"2023-10-20T09:43:27+00:00","og_image":[{"width":800,"height":534,"url":"https:\/\/compasstourist.com\/wp-content\/uploads\/2023\/10\/dai-loan2.jpg","type":"image\/jpeg"}],"twitter_card":"summary_large_image","twitter_misc":{"Est. reading time":"5 minutes"},"schema":{"@context":"https:\/\/schema.org","@graph":[{"@type":"WebPage","@id":"https:\/\/compasstourist.com\/vi\/san-pham\/du-lich-dai-loan-6-ngay-5-dem\/","url":"https:\/\/compasstourist.com\/vi\/san-pham\/du-lich-dai-loan-6-ngay-5-dem\/","name":"Du l\u1ecbch \u0110\u00e0i Loan 6 ng\u00e0y 5 \u0111\u00eam - Compass Tourist","isPartOf":{"@id":"https:\/\/compasstourist.com\/vi\/#website"},"primaryImageOfPage":{"@id":"https:\/\/compasstourist.com\/vi\/san-pham\/du-lich-dai-loan-6-ngay-5-dem\/#primaryimage"},"image":{"@id":"https:\/\/compasstourist.com\/vi\/san-pham\/du-lich-dai-loan-6-ngay-5-dem\/#primaryimage"},"thumbnailUrl":"https:\/\/compasstourist.com\/wp-content\/uploads\/2023\/10\/dai-loan2.jpg","datePublished":"2023-10-20T09:41:59+00:00","dateModified":"2023-10-20T09:43:27+00:00","description":"B\u1ea1n mu\u1ed1n \u0111i du l\u1ecbch \u0110\u00e0i Loan nh\u01b0ng kh\u00f4ng bi\u1ebft b\u1eaft \u0111\u1ea7u t\u1eeb \u0111\u00e2u. \u0110i du l\u1ecbch \u0110\u00e0i Loan c\u1ea7n nh\u1eefng th\u1ee7 t\u1ee5c g\u00ec? \u0110\u1ebfn \u0110\u00e0i Loan \u0103n g\u00ec, \u1edf \u0111\u00e2u?","breadcrumb":{"@id":"https:\/\/compasstourist.com\/vi\/san-pham\/du-lich-dai-loan-6-ngay-5-dem\/#breadcrumb"},"inLanguage":"vi-VN","potentialAction":[{"@type":"ReadAction","target":["https:\/\/compasstourist.com\/vi\/san-pham\/du-lich-dai-loan-6-ngay-5-dem\/"]}]},{"@type":"ImageObject","inLanguage":"vi-VN","@id":"https:\/\/compasstourist.com\/vi\/san-pham\/du-lich-dai-loan-6-ngay-5-dem\/#primaryimage","url":"https:\/\/compasstourist.com\/wp-content\/uploads\/2023\/10\/dai-loan2.jpg","contentUrl":"https:\/\/compasstourist.com\/wp-content\/uploads\/2023\/10\/dai-loan2.jpg","width":800,"height":534},{"@type":"BreadcrumbList","@id":"https:\/\/compasstourist.com\/vi\/san-pham\/du-lich-dai-loan-6-ngay-5-dem\/#breadcrumb","itemListElement":[{"@type":"ListItem","position":1,"name":"Home","item":"https:\/\/compasstourist.com\/vi\/"},{"@type":"ListItem","position":2,"name":"C\u1eeda h\u00e0ng","item":"https:\/\/compasstourist.com\/vi\/cua-hang\/"},{"@type":"ListItem","position":3,"name":"Du l\u1ecbch \u0110\u00e0i Loan 6 ng\u00e0y 5 \u0111\u00eam"}]},{"@type":"WebSite","@id":"https:\/\/compasstourist.com\/vi\/#website","url":"https:\/\/compasstourist.com\/vi\/","name":"Compass Tourist","description":"","potentialAction":[{"@type":"SearchAction","target":{"@type":"EntryPoint","urlTemplate":"https:\/\/compasstourist.com\/vi\/?s={search_term_string}"},"query-input":{"@type":"PropertyValueSpecification","valueRequired":true,"valueName":"search_term_string"}}],"inLanguage":"vi-VN"}]}},"_links":{"self":[{"href":"https:\/\/compasstourist.com\/vi\/wp-json\/wp\/v2\/product\/4093","targetHints":{"allow":["GET"]}}],"collection":[{"href":"https:\/\/compasstourist.com\/vi\/wp-json\/wp\/v2\/product"}],"about":[{"href":"https:\/\/compasstourist.com\/vi\/wp-json\/wp\/v2\/types\/product"}],"replies":[{"embeddable":true,"href":"https:\/\/compasstourist.com\/vi\/wp-json\/wp\/v2\/comments?post=4093"}],"wp:featuredmedia":[{"embeddable":true,"href":"https:\/\/compasstourist.com\/vi\/wp-json\/wp\/v2\/media\/4087"}],"wp:attachment":[{"href":"https:\/\/compasstourist.com\/vi\/wp-json\/wp\/v2\/media?parent=4093"}],"wp:term":[{"taxonomy":"product_brand","embeddable":true,"href":"https:\/\/compasstourist.com\/vi\/wp-json\/wp\/v2\/product_brand?post=4093"},{"taxonomy":"product_cat","embeddable":true,"href":"https:\/\/compasstourist.com\/vi\/wp-json\/wp\/v2\/product_cat?post=4093"},{"taxonomy":"product_tag","embeddable":true,"href":"https:\/\/compasstourist.com\/vi\/wp-json\/wp\/v2\/product_tag?post=4093"}],"curies":[{"name":"wp","href":"https:\/\/api.w.org\/{rel}","templated":true}]}}