{"id":4071,"date":"2023-10-20T16:11:11","date_gmt":"2023-10-20T09:11:11","guid":{"rendered":"https:\/\/compasstourist.com\/?post_type=product&#038;p=4071"},"modified":"2023-10-20T16:11:12","modified_gmt":"2023-10-20T09:11:12","slug":"tour-dai-loan-5-ngay-4-dem","status":"publish","type":"product","link":"https:\/\/compasstourist.com\/vi\/san-pham\/tour-dai-loan-5-ngay-4-dem\/","title":{"rendered":"Tour \u0110\u00e0i Loan 5 ng\u00e0y 4 \u0111\u00eam"},"content":{"rendered":"<h2><span style=\"color: #ff0000;\"><strong>NG\u00c0Y 1: \u0110\u00c0 N\u1eb4NG &#8211;\u00a0\u0110\u00c0I B\u1eaeC &#8211;\u00a0\u0110\u00c0I TRUNG (\u0102n tr\u01b0a tr\u00ean m\u00e1y bay, \u0103n t\u1ed1i)<\/strong><\/span><\/h2>\n<p><span style=\"color: #000000;\">Qu\u00fd kh\u00e1ch t\u1eadp trung t\u1ea1i s\u00e2n bay \u0110\u00e0 N\u1eb5ng, l\u00e0m th\u1ee7 t\u1ee5c \u0111\u00e1p chuy\u1ebfn bay \u0111i\u00a0<strong>\u0110\u00e0i B\u1eafc l\u00fac (10:20 &#8211; 14:30<\/strong>. \u0110\u1ebfn s\u00e2n bay, xe v\u00e0 h\u01b0\u1edbng d\u1eabn \u0111\u1ecba ph\u01b0\u01a1ng \u0111\u00f3n \u0111o\u00e0n, kh\u1edfi h\u00e0nh \u0111i \u0110\u00e0i Trung, v\u1ec1 nh\u1eadn ph\u00f2ng ngh\u1ec9 ng\u01a1i. Bu\u1ed5i t\u1ed1i, tham quan\u00a0<strong>ch\u1ee3 \u0111\u00eam Ph\u00f9ng Gi\u00e1p<\/strong>. Ngh\u1ec9 \u0111\u00eam kh\u00e1ch s\u1ea1n t\u1ea1i \u0110\u00e0i Trung. K\u1ebft th\u00fac ng\u00e0y \u0111\u1ea7u \u0111i du l\u1ecbch \u0110\u00e0i Loan.<\/span><\/p>\n<h2><span style=\"color: #ff0000;\"><strong>NG\u00c0Y 2: \u0110\u00c0I B\u1eaeC &#8211;\u00a0\u0110\u00c0I TRUNG &#8211;\u00a0H\u1ed2 NH\u1eacT NGUY\u1ec6T (\u0102n 03\u00a0b\u1eefa)\u00a0<\/strong><\/span><\/h2>\n<p><span style=\"color: #000000;\">Sau b\u1eefa s\u00e1ng, \u0111o\u00e0n kh\u1edfi h\u00e0nh tham quan n\u01a1i \u0111\u01b0\u1ee3c m\u1ec7nh danh l\u00e0 \u201cV\u00f9ng \u0111\u1ea5t b\u00ecnh y\u00ean v\u1edbi b\u1ea1t ng\u00e0n \u0111\u1ed3i n\u00fai: \u0111i\u00a0du thuy\u1ec1n tr\u00ean\u00a0<strong>H\u1ed3 Nh\u1eadt Nguy\u1ec7t (Sun Moon Lake)\u00a0<\/strong>&#8211; h\u1ed3 n\u1eb1m t\u1ea1i \u0111\u1ed9 cao h\u01a1n 700m so v\u1edbi m\u1ef1c n\u01b0\u1edbc bi\u1ec3n, xung quanh l\u00e0 tr\u1eadp tr\u00f9ng n\u00fai non. Ti\u1ebfp t\u1ee5c tham quan\u00a0<strong>V\u0103n V\u00f5 Mi\u1ebfu<\/strong>. Tham quan\u00a0<strong>l\u00e0ng d\u00e2n t\u1ed9c Thao<\/strong>\u00a0&#8211;\u00a0m\u1ed9t\u00a0l\u00e0ng c\u1ee7a ng\u01b0\u1eddi th\u1ed5 d\u00e2n \u0110\u00e0i Loan- n\u1ed5i ti\u1ebfng nh\u1eefng \u0111\u1eb7c s\u1ea3n qu\u00fd hi\u1ebfm Linh Chi \u0110\u00e0i Loan, t\u1ea1i \u0111\u00e2y qu\u00fd kh\u00e1ch c\u00f3 th\u1ec3 m\u1eb7c qu\u1ea7n \u00e1o d\u00e2n t\u1ed9c ch\u1ee5p h\u00ecnh l\u01b0u ni\u1ec7m. Tr\u00ean \u0111\u01b0\u1eddng \u0111i, \u0111o\u00e0n gh\u00e9 th\u0103m: n\u00f4ng tr\u1ea1i tr\u00e0 xanh r\u00ec, ph\u1ee7 kh\u1eafp \u0111\u1ed3i, n\u01a1i l\u00e0m ra nh\u1eefng lo\u1ea1i tr\u00e0 n\u1ed5i ti\u1ebfng nh\u01b0: tr\u00e0 \u00d4 Long, tr\u00e0 Kim Tuy\u00ean\u2026Qu\u00fd kh\u00e1ch \u0111\u01b0\u1ee3c d\u1ecbp th\u01b0\u1edfng th\u1ee9c nh\u1eefng \u1ea5m tr\u00e0 \u0110\u00e0i Loan th\u1eadt ngon.\u00a0Tham quan\u00a0<strong>L\u00e0ng n\u00f4ng th\u00f4n m\u1edbi Shenji<\/strong>\u00a0m\u1ed9t trong nh\u1eefng ng\u00f4i l\u00e0ng \u0111\u1ed9c \u0111\u00e1o \u0111\u01b0\u1ee3c c\u1ea3i t\u1ea1o l\u1ea1i t\u1eeb nh\u1eefng ng\u00f4i nh\u00e0 x\u00e2y d\u1ef1ng t\u1eeb n\u0103m 1960 mang h\u01a1i h\u01b0\u1edbng ho\u00e0i c\u1ed5. Nh\u1eadn ph\u00f2ng kh\u00e1ch s\u1ea1n v\u00e0 ngh\u1ec9 \u0111\u00eam t\u1ea1i \u0110\u00e0i Trung.<\/span><\/p>\n<figure style=\"width: 600px\" class=\"wp-caption aligncenter\"><img loading=\"lazy\" decoding=\"async\" class=\"\" src=\"https:\/\/transviet.com.vn\/images\/Khuyen-Mai\/Pictures\/cam_nang_du_lich\/DAI-LOAN\/nhat-nguyet-ho-transviet00.jpg\" alt=\"Du thuy\u1ec1n tr\u00ean\u00a0H\u1ed3 Nh\u1eadt Nguy\u1ec7t (Sun Moon Lake)\" width=\"600\" height=\"400\" \/><figcaption class=\"wp-caption-text\">Du thuy\u1ec1n tr\u00ean H\u1ed3 Nh\u1eadt Nguy\u1ec7t (Sun Moon Lake)<\/figcaption><\/figure>\n<h2><span style=\"color: #000000;\"><span style=\"color: #ff0000;\"><strong>NG\u00c0Y 3:\u00a0\u0110\u00c0I TRUNG &#8211;\u00a0PH\u1ed0 C\u1ed4 TH\u1eacP PH\u1ea6N\u00a0(\u0102n 03 b\u1eefa)<\/strong><\/span>\u00a0<\/span><\/h2>\n<p><span style=\"color: #000000;\">Sau b\u1eefa s\u00e1ng t\u1ea1i kh\u00e1ch s\u1ea1n, qu\u00fd kh\u00e1ch tr\u1ea3 ph\u00f2ng \u0111i tham quan\u00a0<strong>B\u1ea3o t\u00e0ng \u00c2m nh\u1ea1c Qu\u1ed1c gia \u0110\u00e0i Trung (ch\u1ee5p h\u00ecnh b\u00ean ngo\u00e0i)<\/strong>\u00a0.\u00a0<\/span><\/p>\n<p><span style=\"color: #000000;\"><strong>Tham quan h\u00e0ng b\u00e1nh d\u1ee9a v\u00e0 tr\u1ea3i nghi\u1ec7m l\u00e0m b\u00e1nh d\u1ee9a<\/strong>. Qu\u00fd kh\u00e1ch s\u1ebd t\u1ef1 tay l\u00e0m b\u00e1nh d\u1ee9a \u0111\u1ec3 l\u00e0m qu\u00e0 t\u1eb7ng ng\u01b0\u1eddi th\u00e2n, b\u1ea1n b\u00e8.\u00a0<\/span><\/p>\n<p><span style=\"color: #000000;\">Tham quan\u00a0<strong>Ph\u1ed1 c\u1ed5 Th\u1eadp Ph\u1ea7n (Shifen Old Street)\u00a0<\/strong>\u2013 qu\u00ed kh\u00e1ch c\u00f3 th\u1ec3 mua qu\u00e0 l\u01b0u ni\u1ec7m, th\u1ea3 \u0111\u00e8n tr\u1eddi c\u1ea7u b\u00ecnh an, ch\u1ee5p \u1ea3nh c\u00f9ng cung \u0111\u01b0\u1eddng s\u1eaft l\u1ecbch s\u1eed.\u00a0<strong>(Compass Tourist t\u1eb7ng 4 kh\u00e1ch 1 \u0111\u00e8n tr\u1eddi c\u1ea7u may m\u1eafn).<\/strong>\u00a0<\/span><\/p>\n<p><span style=\"color: #000000;\">Tham quan\u00a0<strong>T\u00f2a nh\u00e0 Taipei 101\u00a0<\/strong>&#8211; t\u1eebng l\u00e0 t\u00f2a nh\u00e0 cao nh\u1ea5t th\u1ebf gi\u1edbi, cao 508 m\u00e9t v\u1edbi 101 t\u1ea7ng, qu\u00fd kh\u00e1ch c\u00f3 th\u1ec3 mua v\u00e9 l\u00ean t\u1ea7ng 89 \u0111\u1ec3 tham quan to\u00e0n c\u1ea3nh \u0110\u00e0i B\u1eafc (chi ph\u00ed t\u1ef1 t\u00fac). Qu\u00fd kh\u00e1ch t\u1ef1 do kh\u00e1m ph\u00e1 ph\u1ed1 \u0111i b\u1ed9 T\u00e2y M\u00f4n \u0110\u00ecnh. Ngh\u1ec9 \u0111\u00eam t\u1ea1i \u0110\u00e0i B\u1eafc. Qu\u00fd kh\u00e1ch k\u1ebft th\u00fac ng\u00e0y th\u1ee9 4 du l\u1ecbch \u0110\u00e0i Loan<\/span><\/p>\n<figure style=\"width: 600px\" class=\"wp-caption aligncenter\"><img loading=\"lazy\" decoding=\"async\" src=\"https:\/\/sacotravel.com\/wp-content\/uploads\/2023\/02\/lang-co-thap-phan-dai-loan.jpg\" alt=\"Tr\u1ea3i nghi\u1ec7m th\u1ea3 \u0111\u00e8n tr\u1eddi \u1edf Ph\u1ed1 C\u1ed5 Th\u1eadp ph\u1ea7n - \u0110\u00e0i Loan\" width=\"600\" height=\"338\" \/><figcaption class=\"wp-caption-text\">Tr\u1ea3i nghi\u1ec7m th\u1ea3 \u0111\u00e8n tr\u1eddi \u1edf Ph\u1ed1 C\u1ed5 Th\u1eadp ph\u1ea7n &#8211; \u0110\u00e0i Loan<\/figcaption><\/figure>\n<h2><span style=\"color: #ff0000;\"><strong>NG\u00c0Y 4 : \u00a0C\u00d4NG VI\u00caN D\u00c3 LI\u1ec4U &#8211; QU\u1ea2NG TR\u01af\u1edcNG T\u1ef0 DO &#8211; CH\u00d9A LONG S\u01a0N (\u0102n 03 b\u1eefa)<\/strong><\/span><\/h2>\n<p><span style=\"color: #000000;\">Sau b\u1eefa s\u00e1ng, du kh\u00e1ch tr\u1ea3 ph\u00f2ng v\u00e0 kh\u1edfi h\u00e0nh tham quan v\u00e0 kh\u00e1m ph\u00e1\u00a0<strong>C\u00f4ng vi\u00ean Yehliu. <\/strong>ay c\u00f2n g\u1ecdi l\u00e0 c\u00f4ng vi\u00ean \u0111\u1ecba ch\u1ea5t D\u00e3 Li\u1ec5u l\u00e0 b\u1ea3o t\u00e0ng \u0111\u1ecba ch\u1ea5t t\u1ef1 nhi\u00ean l\u1edbn nh\u1ea5t \u0110\u00e0i Loan. N\u01a1i th\u1ec3 hi\u1ec7n nh\u1eefng ki\u1ec7t t\u00e1c c\u1ee7a thi\u00ean nhi\u00ean v\u1edbi nh\u1eefng phi\u1ebfn \u0111\u00e1 \u0111\u01b0\u1ee3c b\u00e0o m\u00f2n theo h\u00ecnh th\u00f9 k\u1ef3 l\u1ea1 nh\u01b0ng \u0111\u1ea7y t\u00ednh ngh\u1ec7 thu\u1eadt.\u00a0<strong>Tham quan &amp; mua s\u1eafm t\u1ea1i c\u1eeda h\u00e0ng T\u1ef3 H\u01b0u<\/strong>. Tham quan<strong>\u00a0Qu\u1ea3ng tr\u01b0\u1eddng T\u1ef1 do\u00a0<\/strong>&#8211; c\u00f4ng tr\u00ecnh n\u00e0y nh\u1eb1m th\u1ec3 hi\u1ec7n s\u1ef1 t\u00f4n k\u00ednh v\u1edbi m\u1ed9t trong nh\u1eefng nh\u00e0 l\u00e3nh \u0111\u1ea1o quy\u1ec1n l\u1ef1c nh\u1ea5t c\u1ee7a th\u1ebf k\u1ef7 th\u1ee9 20. \u0110o\u00e0n ti\u1ebfp t\u1ee5c tham quan\u00a0<strong>Ch\u00f9a Long S\u01a1n<\/strong>\u00a0&#8211;\u00a0M\u1ed9t trong nh\u1eefng ng\u00f4i ch\u00f9a n\u1ed5i ti\u1ebfng \u1edf \u0110\u00e0i B\u1eafc. Ngh\u1ec9 \u0111\u00eam t\u1ea1i \u0110\u00e0o Vi\u00ean.<\/span><\/p>\n<figure style=\"width: 601px\" class=\"wp-caption aligncenter\"><img loading=\"lazy\" decoding=\"async\" src=\"https:\/\/res.klook.com\/images\/fl_lossy.progressive,q_65\/c_fill,w_1295,h_863\/w_80,x_15,y_15,g_south_west,l_Klook_water_br_trans_yhcmh3\/activities\/wov87v94j4rvw9skjwlb\/TourNg%C3%A0yC%C3%B4ngVi%C3%AAn%C4%90%E1%BB%8BaCh%E1%BA%A5tD%C3%A3Li%E1%BB%85u,C%E1%BB%ADuPh%E1%BA%A7n,Th%E1%BA%ADpPh%E1%BA%A7nv%C3%A0Th%C3%A1cV%C3%A0ng.webp\" alt=\"C\u00f4ng vi\u00ean \u0111\u1ecba ch\u1ea5t D\u00e3 Li\u1ec5u - \u0110\u00e0i Loan\" width=\"601\" height=\"401\" \/><figcaption class=\"wp-caption-text\">C\u00f4ng vi\u00ean \u0111\u1ecba ch\u1ea5t D\u00e3 Li\u1ec5u &#8211; \u0110\u00e0i Loan<\/figcaption><\/figure>\n<h2><span style=\"color: #ff0000;\"><strong>NG\u00c0Y 5: \u0110\u00c0O VI\u00caN &#8211; \u0110\u00c0 N\u1eb4NG\u00a0(\u0102n s\u00e1ng)<\/strong><\/span><\/h2>\n<p><span style=\"color: #000000;\">Tr\u1ea3 ph\u00f2ng, xe \u0111\u01b0a \u0111o\u00e0n ra s\u00e2n bay \u0110\u00e0o Vi\u00ean. \u0110o\u00e0n l\u00e0m th\u1ee7 t\u1ee5c \u0111\u00e1p chuy\u1ebfn bay th\u1eb3ng v\u1ec1 <strong>\u0110\u00e0 N\u1eb5ng (10:30 &#8211; 12:20)<\/strong>. \u0110\u1ebfn s\u00e2n bay Qu\u1ed1c T\u1ebf \u0110\u00e0 N\u1eb5ng. Chia tay \u0111o\u00e0n. K\u1ebft th\u00fac ch\u01b0\u01a1ng tr\u00ecnh. H\u1eb9n g\u1eb7p l\u1ea1i qu\u00fd kh\u00e1ch!<\/span><\/p>\n","protected":false},"excerpt":{"rendered":"<p><span style=\"color: #000000;\">H\u00e0nh tr\u00ecnh: \u0110\u00e0i Loan\u00a0<\/span><\/p>\n<p><span style=\"color: #000000;\">Th\u1eddi gian: 5 ng\u00e0y 4 \u0111\u00eam<\/span><\/p>\n<p><span style=\"color: #000000;\">Di chuy\u1ec3n: M\u00e1y bay, xe kh\u00e1ch\u00a0<\/span><\/p>\n","protected":false},"featured_media":4072,"comment_status":"open","ping_status":"closed","template":"","meta":{"_acf_changed":false},"product_brand":[],"product_cat":[68,99],"product_tag":[221],"class_list":{"0":"post-4071","1":"product","2":"type-product","3":"status-publish","4":"has-post-thumbnail","6":"product_cat-tour-du-lich","7":"product_cat-tour-dai-loan","8":"product_tag-dai-loan","10":"first","11":"instock","12":"shipping-taxable","13":"product-type-simple"},"acf":[],"yoast_head":"<!-- This site is optimized with the Yoast SEO plugin v25.8 - https:\/\/yoast.com\/wordpress\/plugins\/seo\/ -->\n<title>Tour \u0110\u00e0i Loan 5 ng\u00e0y 4 \u0111\u00eam - Compass Tourist<\/title>\n<meta name=\"description\" content=\"B\u1ea1n mu\u1ed1n \u0111i \u0110\u00e0i Loan m\u00e0 kh\u00f4ng bi\u1ebft \u0111i nh\u01b0 th\u1ebf n\u00e0o? Th\u1ee7 t\u1ee5c ra sao? \u0110i \u0110\u00e0i Loan \u0103n g\u00ec, \u1edf \u0111\u00e2u? B\u1ea1n \u0111\u1eebng lo, Compass Tourist s\u1ebd gi\u00fap b\u1ea1n t\u1ea5t c\u1ea3.\" \/>\n<meta name=\"robots\" content=\"index, follow, max-snippet:-1, max-image-preview:large, max-video-preview:-1\" \/>\n<link rel=\"canonical\" href=\"https:\/\/compasstourist.com\/vi\/san-pham\/tour-dai-loan-5-ngay-4-dem\/\" \/>\n<meta property=\"og:locale\" content=\"vi_VN\" \/>\n<meta property=\"og:type\" content=\"article\" \/>\n<meta property=\"og:title\" content=\"Tour \u0110\u00e0i Loan 5 ng\u00e0y 4 \u0111\u00eam - Compass Tourist\" \/>\n<meta property=\"og:description\" content=\"B\u1ea1n mu\u1ed1n \u0111i \u0110\u00e0i Loan m\u00e0 kh\u00f4ng bi\u1ebft \u0111i nh\u01b0 th\u1ebf n\u00e0o? Th\u1ee7 t\u1ee5c ra sao? \u0110i \u0110\u00e0i Loan \u0103n g\u00ec, \u1edf \u0111\u00e2u? B\u1ea1n \u0111\u1eebng lo, Compass Tourist s\u1ebd gi\u00fap b\u1ea1n t\u1ea5t c\u1ea3.\" \/>\n<meta property=\"og:url\" content=\"https:\/\/compasstourist.com\/vi\/san-pham\/tour-dai-loan-5-ngay-4-dem\/\" \/>\n<meta property=\"og:site_name\" content=\"Compass Tourist\" \/>\n<meta property=\"article:modified_time\" content=\"2023-10-20T09:11:12+00:00\" \/>\n<meta property=\"og:image\" content=\"https:\/\/compasstourist.com\/wp-content\/uploads\/2023\/10\/dai-loan.jpg\" \/>\n\t<meta property=\"og:image:width\" content=\"1350\" \/>\n\t<meta property=\"og:image:height\" content=\"760\" \/>\n\t<meta property=\"og:image:type\" content=\"image\/jpeg\" \/>\n<meta name=\"twitter:card\" content=\"summary_large_image\" \/>\n<meta name=\"twitter:label1\" content=\"Est. reading time\" \/>\n\t<meta name=\"twitter:data1\" content=\"5 minutes\" \/>\n<script type=\"application\/ld+json\" class=\"yoast-schema-graph\">{\"@context\":\"https:\/\/schema.org\",\"@graph\":[{\"@type\":\"WebPage\",\"@id\":\"https:\/\/compasstourist.com\/vi\/san-pham\/tour-dai-loan-5-ngay-4-dem\/\",\"url\":\"https:\/\/compasstourist.com\/vi\/san-pham\/tour-dai-loan-5-ngay-4-dem\/\",\"name\":\"Tour \u0110\u00e0i Loan 5 ng\u00e0y 4 \u0111\u00eam - Compass Tourist\",\"isPartOf\":{\"@id\":\"https:\/\/compasstourist.com\/vi\/#website\"},\"primaryImageOfPage\":{\"@id\":\"https:\/\/compasstourist.com\/vi\/san-pham\/tour-dai-loan-5-ngay-4-dem\/#primaryimage\"},\"image\":{\"@id\":\"https:\/\/compasstourist.com\/vi\/san-pham\/tour-dai-loan-5-ngay-4-dem\/#primaryimage\"},\"thumbnailUrl\":\"https:\/\/compasstourist.com\/wp-content\/uploads\/2023\/10\/dai-loan.jpg\",\"datePublished\":\"2023-10-20T09:11:11+00:00\",\"dateModified\":\"2023-10-20T09:11:12+00:00\",\"description\":\"B\u1ea1n mu\u1ed1n \u0111i \u0110\u00e0i Loan m\u00e0 kh\u00f4ng bi\u1ebft \u0111i nh\u01b0 th\u1ebf n\u00e0o? Th\u1ee7 t\u1ee5c ra sao? \u0110i \u0110\u00e0i Loan \u0103n g\u00ec, \u1edf \u0111\u00e2u? B\u1ea1n \u0111\u1eebng lo, Compass Tourist s\u1ebd gi\u00fap b\u1ea1n t\u1ea5t c\u1ea3.\",\"breadcrumb\":{\"@id\":\"https:\/\/compasstourist.com\/vi\/san-pham\/tour-dai-loan-5-ngay-4-dem\/#breadcrumb\"},\"inLanguage\":\"vi-VN\",\"potentialAction\":[{\"@type\":\"ReadAction\",\"target\":[\"https:\/\/compasstourist.com\/vi\/san-pham\/tour-dai-loan-5-ngay-4-dem\/\"]}]},{\"@type\":\"ImageObject\",\"inLanguage\":\"vi-VN\",\"@id\":\"https:\/\/compasstourist.com\/vi\/san-pham\/tour-dai-loan-5-ngay-4-dem\/#primaryimage\",\"url\":\"https:\/\/compasstourist.com\/wp-content\/uploads\/2023\/10\/dai-loan.jpg\",\"contentUrl\":\"https:\/\/compasstourist.com\/wp-content\/uploads\/2023\/10\/dai-loan.jpg\",\"width\":1350,\"height\":760},{\"@type\":\"BreadcrumbList\",\"@id\":\"https:\/\/compasstourist.com\/vi\/san-pham\/tour-dai-loan-5-ngay-4-dem\/#breadcrumb\",\"itemListElement\":[{\"@type\":\"ListItem\",\"position\":1,\"name\":\"Home\",\"item\":\"https:\/\/compasstourist.com\/vi\/\"},{\"@type\":\"ListItem\",\"position\":2,\"name\":\"C\u1eeda h\u00e0ng\",\"item\":\"https:\/\/compasstourist.com\/vi\/cua-hang\/\"},{\"@type\":\"ListItem\",\"position\":3,\"name\":\"Tour \u0110\u00e0i Loan 5 ng\u00e0y 4 \u0111\u00eam\"}]},{\"@type\":\"WebSite\",\"@id\":\"https:\/\/compasstourist.com\/vi\/#website\",\"url\":\"https:\/\/compasstourist.com\/vi\/\",\"name\":\"Compass Tourist\",\"description\":\"\",\"potentialAction\":[{\"@type\":\"SearchAction\",\"target\":{\"@type\":\"EntryPoint\",\"urlTemplate\":\"https:\/\/compasstourist.com\/vi\/?s={search_term_string}\"},\"query-input\":{\"@type\":\"PropertyValueSpecification\",\"valueRequired\":true,\"valueName\":\"search_term_string\"}}],\"inLanguage\":\"vi-VN\"}]}<\/script>\n<!-- \/ Yoast SEO plugin. -->","yoast_head_json":{"title":"Tour \u0110\u00e0i Loan 5 ng\u00e0y 4 \u0111\u00eam - Compass Tourist","description":"B\u1ea1n mu\u1ed1n \u0111i \u0110\u00e0i Loan m\u00e0 kh\u00f4ng bi\u1ebft \u0111i nh\u01b0 th\u1ebf n\u00e0o? Th\u1ee7 t\u1ee5c ra sao? \u0110i \u0110\u00e0i Loan \u0103n g\u00ec, \u1edf \u0111\u00e2u? B\u1ea1n \u0111\u1eebng lo, Compass Tourist s\u1ebd gi\u00fap b\u1ea1n t\u1ea5t c\u1ea3.","robots":{"index":"index","follow":"follow","max-snippet":"max-snippet:-1","max-image-preview":"max-image-preview:large","max-video-preview":"max-video-preview:-1"},"canonical":"https:\/\/compasstourist.com\/vi\/san-pham\/tour-dai-loan-5-ngay-4-dem\/","og_locale":"vi_VN","og_type":"article","og_title":"Tour \u0110\u00e0i Loan 5 ng\u00e0y 4 \u0111\u00eam - Compass Tourist","og_description":"B\u1ea1n mu\u1ed1n \u0111i \u0110\u00e0i Loan m\u00e0 kh\u00f4ng bi\u1ebft \u0111i nh\u01b0 th\u1ebf n\u00e0o? Th\u1ee7 t\u1ee5c ra sao? \u0110i \u0110\u00e0i Loan \u0103n g\u00ec, \u1edf \u0111\u00e2u? B\u1ea1n \u0111\u1eebng lo, Compass Tourist s\u1ebd gi\u00fap b\u1ea1n t\u1ea5t c\u1ea3.","og_url":"https:\/\/compasstourist.com\/vi\/san-pham\/tour-dai-loan-5-ngay-4-dem\/","og_site_name":"Compass Tourist","article_modified_time":"2023-10-20T09:11:12+00:00","og_image":[{"width":1350,"height":760,"url":"https:\/\/compasstourist.com\/wp-content\/uploads\/2023\/10\/dai-loan.jpg","type":"image\/jpeg"}],"twitter_card":"summary_large_image","twitter_misc":{"Est. reading time":"5 minutes"},"schema":{"@context":"https:\/\/schema.org","@graph":[{"@type":"WebPage","@id":"https:\/\/compasstourist.com\/vi\/san-pham\/tour-dai-loan-5-ngay-4-dem\/","url":"https:\/\/compasstourist.com\/vi\/san-pham\/tour-dai-loan-5-ngay-4-dem\/","name":"Tour \u0110\u00e0i Loan 5 ng\u00e0y 4 \u0111\u00eam - Compass Tourist","isPartOf":{"@id":"https:\/\/compasstourist.com\/vi\/#website"},"primaryImageOfPage":{"@id":"https:\/\/compasstourist.com\/vi\/san-pham\/tour-dai-loan-5-ngay-4-dem\/#primaryimage"},"image":{"@id":"https:\/\/compasstourist.com\/vi\/san-pham\/tour-dai-loan-5-ngay-4-dem\/#primaryimage"},"thumbnailUrl":"https:\/\/compasstourist.com\/wp-content\/uploads\/2023\/10\/dai-loan.jpg","datePublished":"2023-10-20T09:11:11+00:00","dateModified":"2023-10-20T09:11:12+00:00","description":"B\u1ea1n mu\u1ed1n \u0111i \u0110\u00e0i Loan m\u00e0 kh\u00f4ng bi\u1ebft \u0111i nh\u01b0 th\u1ebf n\u00e0o? Th\u1ee7 t\u1ee5c ra sao? \u0110i \u0110\u00e0i Loan \u0103n g\u00ec, \u1edf \u0111\u00e2u? B\u1ea1n \u0111\u1eebng lo, Compass Tourist s\u1ebd gi\u00fap b\u1ea1n t\u1ea5t c\u1ea3.","breadcrumb":{"@id":"https:\/\/compasstourist.com\/vi\/san-pham\/tour-dai-loan-5-ngay-4-dem\/#breadcrumb"},"inLanguage":"vi-VN","potentialAction":[{"@type":"ReadAction","target":["https:\/\/compasstourist.com\/vi\/san-pham\/tour-dai-loan-5-ngay-4-dem\/"]}]},{"@type":"ImageObject","inLanguage":"vi-VN","@id":"https:\/\/compasstourist.com\/vi\/san-pham\/tour-dai-loan-5-ngay-4-dem\/#primaryimage","url":"https:\/\/compasstourist.com\/wp-content\/uploads\/2023\/10\/dai-loan.jpg","contentUrl":"https:\/\/compasstourist.com\/wp-content\/uploads\/2023\/10\/dai-loan.jpg","width":1350,"height":760},{"@type":"BreadcrumbList","@id":"https:\/\/compasstourist.com\/vi\/san-pham\/tour-dai-loan-5-ngay-4-dem\/#breadcrumb","itemListElement":[{"@type":"ListItem","position":1,"name":"Home","item":"https:\/\/compasstourist.com\/vi\/"},{"@type":"ListItem","position":2,"name":"C\u1eeda h\u00e0ng","item":"https:\/\/compasstourist.com\/vi\/cua-hang\/"},{"@type":"ListItem","position":3,"name":"Tour \u0110\u00e0i Loan 5 ng\u00e0y 4 \u0111\u00eam"}]},{"@type":"WebSite","@id":"https:\/\/compasstourist.com\/vi\/#website","url":"https:\/\/compasstourist.com\/vi\/","name":"Compass Tourist","description":"","potentialAction":[{"@type":"SearchAction","target":{"@type":"EntryPoint","urlTemplate":"https:\/\/compasstourist.com\/vi\/?s={search_term_string}"},"query-input":{"@type":"PropertyValueSpecification","valueRequired":true,"valueName":"search_term_string"}}],"inLanguage":"vi-VN"}]}},"_links":{"self":[{"href":"https:\/\/compasstourist.com\/vi\/wp-json\/wp\/v2\/product\/4071","targetHints":{"allow":["GET"]}}],"collection":[{"href":"https:\/\/compasstourist.com\/vi\/wp-json\/wp\/v2\/product"}],"about":[{"href":"https:\/\/compasstourist.com\/vi\/wp-json\/wp\/v2\/types\/product"}],"replies":[{"embeddable":true,"href":"https:\/\/compasstourist.com\/vi\/wp-json\/wp\/v2\/comments?post=4071"}],"wp:featuredmedia":[{"embeddable":true,"href":"https:\/\/compasstourist.com\/vi\/wp-json\/wp\/v2\/media\/4072"}],"wp:attachment":[{"href":"https:\/\/compasstourist.com\/vi\/wp-json\/wp\/v2\/media?parent=4071"}],"wp:term":[{"taxonomy":"product_brand","embeddable":true,"href":"https:\/\/compasstourist.com\/vi\/wp-json\/wp\/v2\/product_brand?post=4071"},{"taxonomy":"product_cat","embeddable":true,"href":"https:\/\/compasstourist.com\/vi\/wp-json\/wp\/v2\/product_cat?post=4071"},{"taxonomy":"product_tag","embeddable":true,"href":"https:\/\/compasstourist.com\/vi\/wp-json\/wp\/v2\/product_tag?post=4071"}],"curies":[{"name":"wp","href":"https:\/\/api.w.org\/{rel}","templated":true}]}}