{"id":3942,"date":"2023-10-18T12:12:56","date_gmt":"2023-10-18T05:12:56","guid":{"rendered":"https:\/\/compasstourist.com\/?post_type=product&#038;p=3942"},"modified":"2023-10-20T17:16:07","modified_gmt":"2023-10-20T10:16:07","slug":"tour-du-lich-malaysia-4-ngay-3-dem","status":"publish","type":"product","link":"https:\/\/compasstourist.com\/vi\/san-pham\/tour-du-lich-malaysia-4-ngay-3-dem\/","title":{"rendered":"Tour du l\u1ecbch Malaysia 4 ng\u00e0y 3 \u0111\u00eam"},"content":{"rendered":"<h2><span style=\"color: #ff0000;\"><strong><u>NG\u00c0Y 01 |\u00a0TP.H\u1ed2 CH\u00cd MINH \u2013 KUALA LUMPUR &#8211; MALACCA\u00a0(\u0102N TR\u01afA, T\u1ed0I)<\/u><\/strong><\/span><\/h2>\n<h3><span style=\"color: #000000;\"><u><strong>S\u00e1ng:<\/strong><\/u> <\/span><\/h3>\n<p><span style=\"color: #000000;\">Tr\u01b0\u1edfng \u0111o\u00e0n c\u1ee7a Compass Tourist \u0111\u00f3n Qu\u00fd kh\u00e1ch t\u1ea1i \u0111i\u1ec3m h\u1eb9n S\u00e2n bay qu\u1ed1c t\u1ebf T\u00e2n S\u01a1n Nh\u1ea5t \u0111\u1ec3 l\u00e0m th\u1ee7 t\u1ee5c kh\u1edfi h\u00e0nh tr\u00ean chuy\u1ebfn bay \u0111i Malaysia. \u0110\u1ebfn<strong>\u00a0<\/strong><span style=\"font-size: 14.4px;\"><b>Kuala lumpur<\/b><\/span>, \u0111o\u00e0n\u00a0l\u00e0m th\u1ee7 t\u1ee5c nh\u1eadp c\u1ea3nh.<\/span><\/p>\n<p><span style=\"color: #000000;\"><b>*** T\u1eb7ng qu\u00fd kh\u00e1ch b\u1eefa \u0103n nh\u1eb9 t\u1ea1i S\u00e2n bay ***<\/b><\/span><\/p>\n<p><span style=\"color: #000000;\">Xe v\u00e0 h\u01b0\u1edbng d\u1eabn vi\u00ean (HDV) \u0111\u01b0a \u0111o\u00e0n kh\u1edfi h\u00e0nh \u0111i Malacca, th\u00e0nh ph\u1ed1 du l\u1ecbch n\u1ed5i ti\u1ebfng c\u1ee7a Malaysia<strong>, \u00a0<\/strong>th\u00e0nh ph\u1ed1 c\u1ed5 x\u01b0a nh\u1ea5t v\u1edbi nh\u1eefng d\u1ea5u \u1ea5n v\u1ec1 th\u1eddi v\u00e0ng son c\u1ee7a Malaysia 600 n\u0103m v\u1ec1 tr\u01b0\u1edbc. Malacca v\u1edbi kh\u00f4ng gian \u00eam \u0111\u1ec1m, c\u1ed5 k\u00ednh v\u00e0 t\u0129nh l\u1eb7ng lu\u00f4n \u0111\u01b0\u1ee3c xem l\u00e0 nh\u1eefng trang s\u1eed s\u00e1ch sinh \u0111\u1ed9ng v\u00e0 qu\u00fd gi\u00e1 trong l\u1ecbch s\u1eed h\u00ecnh th\u00e0nh v\u00e0 ph\u00e1t tri\u1ec3n c\u1ee7a \u0111\u1ea5t n\u01b0\u1edbc n\u00e0y.<\/span><\/p>\n<h3><span style=\"color: #000000;\"><u><strong>Chi\u1ec1u:<\/strong><\/u>\u00a0<\/span><\/h3>\n<p><span style=\"color: #000000;\">\u0110\u1ebfn\u00a0<strong>Malacca<\/strong>, h\u01b0\u1edbng d\u1eabn v\u00e0 tr\u01b0\u1edfng \u0111o\u00e0n \u0111\u01b0a Qu\u00fd kh\u00e1ch \u0111i checkin nh\u1eefng th\u1eafng c\u1ea3nh \u0111\u1ea7u ti\u00ean trong\u00a0<strong>tour du l\u1ecbch Malaysia 4 ng\u00e0y 3 \u0111\u00eam<\/strong>:<\/span><\/p>\n<ul>\n<li><span style=\"color: #000000;\"><em>Khu ph\u1ed1 c\u1ed5 Jonkers<\/em><strong>\u00a0<\/strong>&#8211; N\u00e1o nhi\u1ec7t, sinh \u0111\u1ed9ng v\u1edbi khu ch\u1ee3 \u0111\u00eam v\u1edbi \u0111\u1ee7 lo\u1ea1i m\u1eb7t h\u00e0ng \u0111\u01b0\u1ee3c b\u00e0y b\u00e1n v\u00e0o d\u1ecbp cu\u1ed1i tu\u1ea7n.<\/span><\/li>\n<li><span style=\"color: #000000;\"><em>\u0110\u1ec1n Cheng Hood<\/em><strong><em>\u00a0<\/em><\/strong>\u2013 Ng\u00f4i \u0111\u1ec1n\u00a0h\u00e0ng tr\u0103m n\u0103m tu\u1ed5i c\u1ee7a ng\u01b0\u1eddi Ph\u00fac Ki\u1ebfn, Trung Qu\u1ed1c<\/span><\/li>\n<li><span style=\"color: #000000;\"><em>Ph\u00e1o \u0111\u00e0i c\u1ed5 B\u1ed3 \u0110\u00e0o Nha<\/em><strong><em>\u00a0<\/em><\/strong>&#8211; T\u1eeb n\u01a1i n\u00e0y c\u00f3 th\u1ec3 ng\u1eafm th\u00e0nh ph\u1ed1 Malacca b\u00ean d\u01b0\u1edbi v\u1edbi nh\u1eefng n\u1ebfp nh\u00e0 ngay ng\u1eafn. Xa xa t\u1ea7m m\u1eaft l\u00e0 v\u1ecbnh Malacca b\u00ean b\u1edd \u1ea4n \u0110\u1ed9 D\u01b0\u01a1ng xanh th\u1eb3m m\u00eanh m\u00f4ng.<\/span><\/li>\n<li><span style=\"color: #000000;\"><em>Nh\u00e0 th\u1edd Th\u00e1nh Saint Paul,\u00a0Qu\u1ea3ng tr\u01b0\u1eddng H\u00e0 Lan<\/em><strong><em>\u00a0<\/em><\/strong>v\u1edbi nh\u1eefng con \u0111\u01b0\u1eddng l\u00e1t g\u1ea1ch \u0111\u1ecf r\u1ee3p m\u00e1t b\u00f3ng c\u00e2y v\u00e0 m\u1ed9t nh\u00e0 th\u1edd \u0111\u1ecf s\u1eabm \u0111\u01b0\u1ee3m m\u00e0u qu\u00e1 kh\u1ee9. M\u1ed9t c\u00f4ng vi\u00ean nho nh\u1ecf v\u1edbi m\u00f4 ph\u1ecfng chi\u1ebfc c\u1ed1i xay gi\u00f3 v\u00e0 nh\u1eefng c\u1ee5m c\u00e2y c\u1ecf xanh um \u0111i\u1ec3m xuy\u1ebft nh\u1eefng b\u00f4ng hoa nh\u1eafc nh\u1edf th\u1eddi k\u1ef3 ng\u01b0\u1eddi H\u00e0 Lan t\u1eebng ng\u1ef1 tr\u1ecb.<\/span><\/li>\n<\/ul>\n<h3><span style=\"color: #000000;\"><u><strong>T\u1ed1i:<\/strong><\/u>\u00a0<\/span><\/h3>\n<p><span style=\"color: #000000;\">\u0110o\u00e0n d\u00f9ng c\u01a1m t\u1ed1i. Sau \u0111\u00f3 nh\u1eadn ph\u00f2ng kh\u00e1ch s\u1ea1n ngh\u1ec9 ng\u01a1i. Ngh\u1ec9 \u0111\u00eam t\u1ea1i<strong>\u00a0Malacca<\/strong>.<\/span><\/p>\n<figure style=\"width: 546px\" class=\"wp-caption aligncenter\"><img loading=\"lazy\" decoding=\"async\" class=\"\" src=\"https:\/\/datviettour.com.vn\/uploads\/images\/tin-tuc-SEO-NN-chau-a\/malaysia\/anh-dai-dien\/anh-dai-dien-pho-co-malacca.jpg\" alt=\"Ng\u1ee1 ng\u00e0ng v\u1ebb \u0111\u1eb9p ph\u1ed1 c\u1ed5 Malacca - Malaysia\" width=\"546\" height=\"324\" \/><figcaption class=\"wp-caption-text\">Malacca &#8211; Malaysia<\/figcaption><\/figure>\n<h2><span style=\"color: #ff0000;\"><u><b>NG\u00c0Y 02 |\u00a0MALACCA &#8211; KUALA LUMPUR &#8211;\u00a0PUTRAJAYA &#8211; CITY TOUR (\u0102N 03 B\u1eeeA)<\/b><\/u><\/span><\/h2>\n<p><span style=\"color: #000000;\"><u><strong>S\u00e1ng:<\/strong><\/u>\u00a0\u0110o\u00e0n d\u00f9ng buffet s\u00e1ng t\u1ea1i kh\u00e1ch s\u1ea1n. Sau \u0111\u00f3 tr\u1ea3 ph\u00f2ng, \u0111o\u00e0n kh\u1edfi h\u00e0nh \u0111\u1ebfn v\u1edbi th\u1ee7 \u0111\u00f4\u00a0<strong>Kuala Lumpur\u00a0<\/strong>v\u1edbi nh\u1eefng \u0111i\u1ec3m tham quan h\u1ea5p d\u1eabn v\u00e0 n\u1ed5i ti\u1ebfng c\u1ee7a du l\u1ecbch Malaysia:<\/span><\/p>\n<ul>\n<li><span style=\"color: #000000;\"><em>Putrajaya<\/em>\u00a0<strong>\u2013\u00a0<\/strong>Trung t\u00e2m h\u00e0nh ch\u00ednh m\u1edbi\u00a0c\u1ee7a \u0111\u1ea5t n\u01b0\u1edbc\u00a0Malaysia. N\u01a1i m\u00e0 c\u00f4ng ngh\u1ec7 th\u00f4ng tin c\u00f9ng t\u1ed3n t\u1ea1i song song v\u1edbi nh\u1eefng v\u01b0\u1eddn c\u00e2y t\u01b0\u01a1i t\u1ed1t, v\u1edbi nh\u1eefng ki\u1ebfn tr\u00fac n\u1ed5i b\u1eadt nh\u01b0:<\/span><\/li>\n<li><span style=\"color: #000000;\"><em>C\u1ea7u Seri Wawasan<\/em>\u00a0&#8211; C\u00e2y c\u1ea7u c\u00e1p treo c\u00f3 h\u00ecnh d\u1ea1ng con thuy\u1ec1n \u0111ang gi\u01b0\u01a1ng bu\u1ed3m. C\u1ea7u c\u00f3 3 l\u00e0n xe m\u1ed7i\u00a0 chi\u1ec1u v\u00e0 18,6 m chi\u1ec1u r\u1ed9ng m\u1ed9t chi\u1ec1u, \u0111\u01b0\u1ee3c l\u00e0m b\u1eb1ng b\u00ea t\u00f4ng v\u1edbi c\u00e1c lo\u1ea1i c\u00e1p b\u1eb1ng th\u00e9p ch\u1ecbu l\u1ef1c.<\/span><\/li>\n<li><span style=\"color: #000000;\"><em>Th\u00e1nh \u0111\u01b0\u1eddng H\u1ed3i gi\u00e1o Putrajaya<\/em><strong>\u00a0<\/strong>&#8211; \u0110\u00e2y l\u00e0 m\u1ed9t trong c\u00e1c th\u00e1nh \u0111\u01b0\u1eddng H\u1ed3i gi\u00e1o hi\u1ec7n \u0111\u1ea1i nh\u1ea5t th\u1ebf gi\u1edbi. C\u00f4ng tr\u00ecnh l\u00e0 s\u1ef1 k\u1ebft h\u1ee3p ho\u00e0n h\u1ea3o gi\u1eefa ki\u1ebfn tr\u00fac H\u1ed3i gi\u00e1o truy\u1ec1n th\u1ed1ng v\u00e0 hi\u1ec7n \u0111\u1ea1i, \u0111\u01b0\u1ee3c x\u00e2y d\u1ef1ng b\u1eb1ng \u0111\u00e1 granite c\u00f3 s\u1eafc h\u1ed3ng.<\/span><\/li>\n<\/ul>\n<p><span style=\"color: #000000;\"><u><strong>Tr\u01b0a:<\/strong><\/u>\u00a0\u0110o\u00e0n d\u00f9ng c\u01a1m tr\u01b0a, ngh\u1ec9 ng\u01a1i t\u1ea1i nh\u00e0 h\u00e0ng.<\/span><\/p>\n<p><span style=\"color: #000000;\"><u><strong>Chi\u1ec1u<\/strong><\/u>: HDV \u0111\u01b0a qu\u00fd kh\u00e1ch ti\u1ebfp t\u1ee5c tham quan:<\/span><\/p>\n<ul>\n<li><span style=\"color: #000000;\"><em>Cung \u0111i\u1ec7n Ho\u00e0ng gia (Royal Palace)<\/em><\/span><\/li>\n<li><span style=\"color: #000000;\"><em>\u0110\u00e0i t\u01b0\u1ee3ng ni\u1ec7m Qu\u1ed1c gia (National Monument)<\/em><\/span><\/li>\n<li><span style=\"color: #000000;\"><em>Qu\u1ea3ng tr\u01b0\u1eddng \u0110\u1ed9c l\u1eadp (Independence Square)<\/em><\/span><\/li>\n<li><span style=\"color: #000000;\"><em>Ch\u00f9a Thi\u00ean H\u1eadu (Thien Hau Temple)<\/em><\/span><\/li>\n<li><span style=\"color: #000000;\"><em>Th\u00e1p \u0110\u00f4i Petronas (Petronas Twin Towers)<\/em>\u2013 bi\u1ec3u t\u01b0\u1ee3ng c\u1ee7a th\u1ee7 \u0111\u00f4 Kuala Lumpur,\u00a0Qu\u00fd kh\u00e1ch ch\u1ee5p \u1ea3nh l\u01b0u ni\u1ec7m b\u00ean ngo\u00e0i v\u00e0 tham quan mua s\u1eafm<\/span><\/li>\n<li><span style=\"color: #000000;\">C\u1eeda h\u00e0ng\u00a0<em>Socola \u2013 Bery\u2019s (Chocolate shop)<\/em><\/span><\/li>\n<\/ul>\n<p><span style=\"color: #000000;\"><u><strong>T\u1ed1i:<\/strong><\/u>\u00a0\u0110\u1ebfn gi\u1edd h\u1eb9n, xe \u0111\u01b0a \u0111o\u00e0n d\u00f9ng c\u01a1m\u00a0v\u00e0 v\u1ec1 kh\u00e1ch s\u1ea1n<strong>\u00a0<\/strong>ngh\u1ec9 ng\u01a1i. Bu\u1ed5i t\u1ed1i, Qu\u00fd Kh\u00e1ch t\u1ef1 do kh\u00e1m ph\u00e1 Kuala Lumpur v\u1ec1 \u0111\u00eam v\u1edbi khu mua s\u1eafm \u1edf \u0111\u01b0\u1eddng<strong>\u00a0Bukit Bintang<em>\u00a0<\/em><\/strong>n\u1ed5i ti\u1ebfng. Ngh\u1ec9 \u0111\u00eam t\u1ea1i Kuala Lumpur.<\/span><\/p>\n<figure style=\"width: 601px\" class=\"wp-caption aligncenter\"><img loading=\"lazy\" decoding=\"async\" src=\"https:\/\/hnm.1cdn.vn\/2022\/03\/15\/nhipsonghanoi.hanoimoi.com.vn-uploads-images-tuandiep-2022-03-15-_tt.jpg\" alt=\"Putrajaya - h\u00ecnh m\u1eabu c\u1ee7a \u201cth\u1ee7 \u0111\u00f4 th\u1ee9 hai\u201d\" width=\"601\" height=\"368\" \/><figcaption class=\"wp-caption-text\">Putrajaya &#8211; Malaysia<\/figcaption><\/figure>\n<h2><span style=\"color: #ff0000;\"><b><u>NG\u00c0Y 03 |\u00a0KUALA LUMPUR &#8211; CH\u00d9A THI\u00caN H\u1eacU &#8211; \u0110\u1ed8NG BATU &#8211;\u00a0\u00a0CAO NGUY\u00caN GENTING (\u0102N 03 B\u1eeeA)<\/u><\/b><\/span><\/h2>\n<p><span style=\"color: #000000;\"><u><strong>S\u00e1ng<\/strong><\/u>: Qu\u00fd kh\u00e1ch d\u00f9ng buffet s\u00e1ng t\u1ea1i kh\u00e1ch s\u1ea1n. \u0110o\u00e0n kh\u1edfi h\u00e0nh tham quan c\u00e1c \u0111i\u1ec3m \u0111\u1ebfn trong ch\u01b0\u01a1ng tr\u00ecnh <strong>tour du l\u1ecbch Malaysia 4 ng\u00e0y 3 \u0111\u00eam<\/strong>\u00a0ng\u00e0y th\u1ee9 03:<\/span><\/p>\n<ul>\n<li><span style=\"color: #000000;\"><em>\u0110\u1ed9ng Batu (Batu Cave)<\/em><strong>\u00a0<\/strong>th\u00e1nh \u0111\u1ecba c\u1ee7a c\u1ed9ng \u0111\u1ed3ng ng\u01b0\u1eddi Malaysia g\u1ed1c \u1ea4n, chi\u00eam ng\u01b0\u1ee1ng b\u1ee9c t\u01b0\u1ee3ng Hindu cao nh\u1ea5t ch\u00e2u \u00c1 v\u00e0 chinh ph\u1ee5c 272 b\u1eadc thang \u0111\u1ec3 v\u00e0o tham quan c\u00e1c \u0111\u1ec1n th\u1edd v\u1edbi nhi\u1ec1u b\u1ee9c t\u01b0\u1ee3ng \u0111\u1ed9c \u0111\u00e1o.<\/span><\/li>\n<li><span style=\"color: #000000;\">Th\u01b0\u1edfng th\u1ee9c\u00a0<em>Tea Tarik \u2013 Tr\u00e0 s\u1eefa k\u00e9o<\/em>\u00a0\u0111\u1eb7c s\u1eafc c\u1ee7a ng\u01b0\u1eddi Malaysia<\/span><\/li>\n<li><span style=\"color: #000000;\">Mua s\u1eafm t\u1ea1i c\u1eeda h\u00e0ng<em>\u00a0\u0111\u1ed3ng h\u1ed3 mi\u1ec5n thu\u1ebf (Watch shop)<\/em><\/span><\/li>\n<li><span style=\"color: #000000;\"><em>C\u1eeda h\u00e0ng \u0111\u00e1 \u0111en\u00a0<\/em>(Qu\u1ed1c b\u1ea3o c\u1ee7a Malaysia)<\/span><\/li>\n<li><span style=\"color: #000000;\"><em>C\u1eeda h\u00e0ng \u0111\u1eb7c s\u1ea3n\u00a0<\/em>\u0111\u1ecba ph\u01b0\u01a1ng<em>\u00a0<\/em>(Local products)<\/span><\/li>\n<li>\n<figure style=\"width: 599px\" class=\"wp-caption aligncenter\"><img loading=\"lazy\" decoding=\"async\" src=\"https:\/\/phuotvivu.com\/blog\/wp-content\/uploads\/2018\/06\/dong-batu-malaysia.jpg\" alt=\"\u0110\u1ed9ng Batu (Batu Cave)\u00a0th\u00e1nh \u0111\u1ecba c\u1ee7a c\u1ed9ng \u0111\u1ed3ng ng\u01b0\u1eddi Malaysia g\u1ed1c \u1ea4n\" width=\"599\" height=\"400\" \/><figcaption class=\"wp-caption-text\">\u0110\u1ed9ng Batu (Batu Cave)\u00a0th\u00e1nh \u0111\u1ecba c\u1ee7a c\u1ed9ng \u0111\u1ed3ng ng\u01b0\u1eddi Malaysia g\u1ed1c \u1ea4n<\/figcaption><\/figure><\/li>\n<\/ul>\n<p><span style=\"color: #000000;\"><u><strong>Tr\u01b0a:<\/strong><\/u>\u00a0\u0110o\u00e0n \u0103n tr\u01b0a t\u1ea1i nh\u00e0 h\u00e0ng \u0111\u1ecba ph\u01b0\u01a1ng.<\/span><\/p>\n<p><span style=\"color: #000000;\">Sua \u0111\u00f3, xe \u0111\u01b0a qu\u00fd kh\u00e1ch ti\u1ebfp t\u1ee5c h\u00e0nh tr\u00ecnh \u0111\u1ebfn v\u1edbi\u00a0<strong>Cao nguy\u00ean Genting\u00a0<\/strong>\u2013 khu vui ch\u01a1i gi\u1ea3i tr\u00ed l\u1edbn nh\u1ea5t Malaysia:<\/span><\/p>\n<p><span style=\"color: #000000;\">Chinh ph\u1ee5c cao nguy\u00ean Genting cao kho\u1ea3ng 2000m (d\u00e0i 14km, kho\u1ea3ng 12 ph\u00fat) b\u1eb1ng h\u1ec7 th\u1ed1ng\u00a0<strong>c\u00e1p treo Skyway Cable Car. <\/strong>(Trong tr\u01b0\u1eddng h\u1ee3p c\u00e1p treo b\u1ea3o tr\u00ec ph\u1ea3i \u0111i b\u1eb1ng xe c\u1ee7a Genting). \u0110\u1ebfn Genting, trung t\u00e2m gi\u1ea3i tr\u00ed n\u1ed5i ti\u1ebfng c\u1ee7a Malaysia, b\u1ea3n sao c\u1ee7a s\u00f2ng b\u1ea1c Las Vegas. Qu\u00fd Kh\u00e1ch <strong>th\u1eed v\u1eadn may t\u1ea1i Sky Casino<\/strong>\u00a0n\u1ed5i ti\u1ebfng t\u1ea1i \u0111\u00e2y.<\/span><\/p>\n<p><span style=\"color: #000000;\"><u><strong>T\u1ed1i:<\/strong><\/u>\u00a0\u0110o\u00e0n d\u00f9ng c\u01a1m t\u1ed1i v\u00e0 tr\u1edf v\u1ec1 kh\u00e1ch s\u1ea1n ngh\u1ec9 ng\u01a1i. Ngh\u1ec9 \u0111\u00eam t\u1ea1i Kuala Lumpur.<\/span><\/p>\n<h3><span style=\"color: #ff0000;\"><b><u>NG\u00c0Y 04 |\u00a0\u00a0KUALALUMPUR &#8211;\u00a0TP.HCM\u00a0(\u0102N S\u00c1NG)<\/u><\/b><\/span><\/h3>\n<p><span style=\"color: #000000;\">Qu\u00fd kh\u00e1ch d\u00f9ng buffet s\u00e1ng t\u1ea1i kh\u00e1ch s\u1ea1n. Sau \u0111\u00f3, l\u00e0m th\u1ee7 t\u1ee5c tr\u1ea3 ph\u00f2ng. Xe \u0111\u00f3n \u0111o\u00e0n kh\u1edfi h\u00e0nh ra s\u00e2n bay l\u00e0m th\u1ee7 t\u1ee5c \u0111\u00e1p chuy\u1ebfn bay v\u1ec1 TP.HCM.<\/span><\/p>\n<p><span style=\"color: #000000;\">\u0110o\u00e0n \u0111\u00e1p xu\u1ed1ng s\u00e2n bay Qu\u1ed1c t\u1ebf T\u00e2n S\u01a1n Nh\u1ea5t, k\u1ebft th\u00fac\u00a0<strong>tour du l\u1ecbch Malaysia 4 ng\u00e0y 3 \u0111\u00eam.<\/strong>\u00a0Tr\u01b0\u1edfng \u0110o\u00e0n ch\u00e0o t\u1ea1m bi\u1ec7t Qu\u00fd kh\u00e1ch, h\u1eb9n g\u1eb7p l\u1ea1i trong nh\u1eefng\u00a0<strong>tour du lich<\/strong>\u00a0ti\u1ebfp theo.<\/span><\/p>\n<p><span style=\"color: #000000;\"><u><strong>L\u01afU \u00dd<\/strong><\/u>: Th\u1ee9 t\u1ef1 v\u00e0 chi ti\u1ebft trong ch\u01b0\u01a1ng tr\u00ecnh c\u00f3 th\u1ec3 thay \u0111\u1ed5i cho ph\u00f9 h\u1ee3p v\u1edbi t\u00ecnh h\u00ecnh th\u1ef1c t\u1ebf, nh\u01b0ng v\u1eabn \u0111\u1ea3m b\u1ea3o \u0111\u1ee7 \u0111i\u1ec3m \u0111\u1ebfn tham quan !<\/span><\/p>\n","protected":false},"excerpt":{"rendered":"<p><span style=\"color: #000000;\">H\u00e0nh tr\u00ecnh: Malaysia<\/span><\/p>\n<p><span style=\"color: #000000;\">Th\u1eddi gian: 4 ng\u00e0y 3 \u0111\u00eam<\/span><\/p>\n<p><span style=\"color: #000000;\">Di chuy\u1ec3n: m\u00e1y bay, xe bus<\/span><\/p>\n","protected":false},"featured_media":3946,"comment_status":"open","ping_status":"closed","template":"","meta":{"_acf_changed":false},"product_brand":[],"product_cat":[68,100],"product_tag":[210],"class_list":{"0":"post-3942","1":"product","2":"type-product","3":"status-publish","4":"has-post-thumbnail","6":"product_cat-tour-du-lich","7":"product_cat-tour-malaysia","8":"product_tag-malaysia","10":"first","11":"instock","12":"shipping-taxable","13":"product-type-simple"},"acf":[],"yoast_head":"<!-- This site is optimized with the Yoast SEO plugin v25.8 - https:\/\/yoast.com\/wordpress\/plugins\/seo\/ -->\n<title>Tour du l\u1ecbch Malaysia 4 ng\u00e0y 3 \u0111\u00eam - Compass Tourist<\/title>\n<meta name=\"description\" content=\"Du l\u1ecbch Malaysia \u0111i nh\u1eefng \u0111\u00e2u? \u0102n nh\u1eefng g\u00ec? B\u1ea1n mu\u1ed1n \u0111i du l\u1ecbch Malaysia? \u0110\u1eb7t tour ngay v\u1edbi Compass Tourist \u0111\u1ec3 c\u00f3 nh\u1eefng tr\u1ea3i nghi\u1ec7m tuy\u1ec7t v\u1eddi.\" \/>\n<meta name=\"robots\" content=\"index, follow, max-snippet:-1, max-image-preview:large, max-video-preview:-1\" \/>\n<link rel=\"canonical\" href=\"https:\/\/compasstourist.com\/vi\/san-pham\/tour-du-lich-malaysia-4-ngay-3-dem\/\" \/>\n<meta property=\"og:locale\" content=\"vi_VN\" \/>\n<meta property=\"og:type\" content=\"article\" \/>\n<meta property=\"og:title\" content=\"Tour du l\u1ecbch Malaysia 4 ng\u00e0y 3 \u0111\u00eam - Compass Tourist\" \/>\n<meta property=\"og:description\" content=\"Du l\u1ecbch Malaysia \u0111i nh\u1eefng \u0111\u00e2u? \u0102n nh\u1eefng g\u00ec? B\u1ea1n mu\u1ed1n \u0111i du l\u1ecbch Malaysia? \u0110\u1eb7t tour ngay v\u1edbi Compass Tourist \u0111\u1ec3 c\u00f3 nh\u1eefng tr\u1ea3i nghi\u1ec7m tuy\u1ec7t v\u1eddi.\" \/>\n<meta property=\"og:url\" content=\"https:\/\/compasstourist.com\/vi\/san-pham\/tour-du-lich-malaysia-4-ngay-3-dem\/\" \/>\n<meta property=\"og:site_name\" content=\"Compass Tourist\" \/>\n<meta property=\"article:modified_time\" content=\"2023-10-20T10:16:07+00:00\" \/>\n<meta property=\"og:image\" content=\"https:\/\/compasstourist.com\/wp-content\/uploads\/2023\/10\/Malaysiajpg.jpg\" \/>\n\t<meta property=\"og:image:width\" content=\"800\" \/>\n\t<meta property=\"og:image:height\" content=\"400\" \/>\n\t<meta property=\"og:image:type\" content=\"image\/jpeg\" \/>\n<meta name=\"twitter:card\" content=\"summary_large_image\" \/>\n<meta name=\"twitter:label1\" content=\"Est. reading time\" \/>\n\t<meta name=\"twitter:data1\" content=\"6 minutes\" \/>\n<script type=\"application\/ld+json\" class=\"yoast-schema-graph\">{\"@context\":\"https:\/\/schema.org\",\"@graph\":[{\"@type\":\"WebPage\",\"@id\":\"https:\/\/compasstourist.com\/vi\/san-pham\/tour-du-lich-malaysia-4-ngay-3-dem\/\",\"url\":\"https:\/\/compasstourist.com\/vi\/san-pham\/tour-du-lich-malaysia-4-ngay-3-dem\/\",\"name\":\"Tour du l\u1ecbch Malaysia 4 ng\u00e0y 3 \u0111\u00eam - Compass Tourist\",\"isPartOf\":{\"@id\":\"https:\/\/compasstourist.com\/vi\/#website\"},\"primaryImageOfPage\":{\"@id\":\"https:\/\/compasstourist.com\/vi\/san-pham\/tour-du-lich-malaysia-4-ngay-3-dem\/#primaryimage\"},\"image\":{\"@id\":\"https:\/\/compasstourist.com\/vi\/san-pham\/tour-du-lich-malaysia-4-ngay-3-dem\/#primaryimage\"},\"thumbnailUrl\":\"https:\/\/compasstourist.com\/wp-content\/uploads\/2023\/10\/Malaysiajpg.jpg\",\"datePublished\":\"2023-10-18T05:12:56+00:00\",\"dateModified\":\"2023-10-20T10:16:07+00:00\",\"description\":\"Du l\u1ecbch Malaysia \u0111i nh\u1eefng \u0111\u00e2u? \u0102n nh\u1eefng g\u00ec? B\u1ea1n mu\u1ed1n \u0111i du l\u1ecbch Malaysia? \u0110\u1eb7t tour ngay v\u1edbi Compass Tourist \u0111\u1ec3 c\u00f3 nh\u1eefng tr\u1ea3i nghi\u1ec7m tuy\u1ec7t v\u1eddi.\",\"breadcrumb\":{\"@id\":\"https:\/\/compasstourist.com\/vi\/san-pham\/tour-du-lich-malaysia-4-ngay-3-dem\/#breadcrumb\"},\"inLanguage\":\"vi-VN\",\"potentialAction\":[{\"@type\":\"ReadAction\",\"target\":[\"https:\/\/compasstourist.com\/vi\/san-pham\/tour-du-lich-malaysia-4-ngay-3-dem\/\"]}]},{\"@type\":\"ImageObject\",\"inLanguage\":\"vi-VN\",\"@id\":\"https:\/\/compasstourist.com\/vi\/san-pham\/tour-du-lich-malaysia-4-ngay-3-dem\/#primaryimage\",\"url\":\"https:\/\/compasstourist.com\/wp-content\/uploads\/2023\/10\/Malaysiajpg.jpg\",\"contentUrl\":\"https:\/\/compasstourist.com\/wp-content\/uploads\/2023\/10\/Malaysiajpg.jpg\",\"width\":800,\"height\":400},{\"@type\":\"BreadcrumbList\",\"@id\":\"https:\/\/compasstourist.com\/vi\/san-pham\/tour-du-lich-malaysia-4-ngay-3-dem\/#breadcrumb\",\"itemListElement\":[{\"@type\":\"ListItem\",\"position\":1,\"name\":\"Home\",\"item\":\"https:\/\/compasstourist.com\/vi\/\"},{\"@type\":\"ListItem\",\"position\":2,\"name\":\"C\u1eeda h\u00e0ng\",\"item\":\"https:\/\/compasstourist.com\/vi\/cua-hang\/\"},{\"@type\":\"ListItem\",\"position\":3,\"name\":\"Tour du l\u1ecbch Malaysia 4 ng\u00e0y 3 \u0111\u00eam\"}]},{\"@type\":\"WebSite\",\"@id\":\"https:\/\/compasstourist.com\/vi\/#website\",\"url\":\"https:\/\/compasstourist.com\/vi\/\",\"name\":\"Compass Tourist\",\"description\":\"\",\"potentialAction\":[{\"@type\":\"SearchAction\",\"target\":{\"@type\":\"EntryPoint\",\"urlTemplate\":\"https:\/\/compasstourist.com\/vi\/?s={search_term_string}\"},\"query-input\":{\"@type\":\"PropertyValueSpecification\",\"valueRequired\":true,\"valueName\":\"search_term_string\"}}],\"inLanguage\":\"vi-VN\"}]}<\/script>\n<!-- \/ Yoast SEO plugin. -->","yoast_head_json":{"title":"Tour du l\u1ecbch Malaysia 4 ng\u00e0y 3 \u0111\u00eam - Compass Tourist","description":"Du l\u1ecbch Malaysia \u0111i nh\u1eefng \u0111\u00e2u? \u0102n nh\u1eefng g\u00ec? B\u1ea1n mu\u1ed1n \u0111i du l\u1ecbch Malaysia? \u0110\u1eb7t tour ngay v\u1edbi Compass Tourist \u0111\u1ec3 c\u00f3 nh\u1eefng tr\u1ea3i nghi\u1ec7m tuy\u1ec7t v\u1eddi.","robots":{"index":"index","follow":"follow","max-snippet":"max-snippet:-1","max-image-preview":"max-image-preview:large","max-video-preview":"max-video-preview:-1"},"canonical":"https:\/\/compasstourist.com\/vi\/san-pham\/tour-du-lich-malaysia-4-ngay-3-dem\/","og_locale":"vi_VN","og_type":"article","og_title":"Tour du l\u1ecbch Malaysia 4 ng\u00e0y 3 \u0111\u00eam - Compass Tourist","og_description":"Du l\u1ecbch Malaysia \u0111i nh\u1eefng \u0111\u00e2u? \u0102n nh\u1eefng g\u00ec? B\u1ea1n mu\u1ed1n \u0111i du l\u1ecbch Malaysia? \u0110\u1eb7t tour ngay v\u1edbi Compass Tourist \u0111\u1ec3 c\u00f3 nh\u1eefng tr\u1ea3i nghi\u1ec7m tuy\u1ec7t v\u1eddi.","og_url":"https:\/\/compasstourist.com\/vi\/san-pham\/tour-du-lich-malaysia-4-ngay-3-dem\/","og_site_name":"Compass Tourist","article_modified_time":"2023-10-20T10:16:07+00:00","og_image":[{"width":800,"height":400,"url":"https:\/\/compasstourist.com\/wp-content\/uploads\/2023\/10\/Malaysiajpg.jpg","type":"image\/jpeg"}],"twitter_card":"summary_large_image","twitter_misc":{"Est. reading time":"6 minutes"},"schema":{"@context":"https:\/\/schema.org","@graph":[{"@type":"WebPage","@id":"https:\/\/compasstourist.com\/vi\/san-pham\/tour-du-lich-malaysia-4-ngay-3-dem\/","url":"https:\/\/compasstourist.com\/vi\/san-pham\/tour-du-lich-malaysia-4-ngay-3-dem\/","name":"Tour du l\u1ecbch Malaysia 4 ng\u00e0y 3 \u0111\u00eam - Compass Tourist","isPartOf":{"@id":"https:\/\/compasstourist.com\/vi\/#website"},"primaryImageOfPage":{"@id":"https:\/\/compasstourist.com\/vi\/san-pham\/tour-du-lich-malaysia-4-ngay-3-dem\/#primaryimage"},"image":{"@id":"https:\/\/compasstourist.com\/vi\/san-pham\/tour-du-lich-malaysia-4-ngay-3-dem\/#primaryimage"},"thumbnailUrl":"https:\/\/compasstourist.com\/wp-content\/uploads\/2023\/10\/Malaysiajpg.jpg","datePublished":"2023-10-18T05:12:56+00:00","dateModified":"2023-10-20T10:16:07+00:00","description":"Du l\u1ecbch Malaysia \u0111i nh\u1eefng \u0111\u00e2u? \u0102n nh\u1eefng g\u00ec? B\u1ea1n mu\u1ed1n \u0111i du l\u1ecbch Malaysia? \u0110\u1eb7t tour ngay v\u1edbi Compass Tourist \u0111\u1ec3 c\u00f3 nh\u1eefng tr\u1ea3i nghi\u1ec7m tuy\u1ec7t v\u1eddi.","breadcrumb":{"@id":"https:\/\/compasstourist.com\/vi\/san-pham\/tour-du-lich-malaysia-4-ngay-3-dem\/#breadcrumb"},"inLanguage":"vi-VN","potentialAction":[{"@type":"ReadAction","target":["https:\/\/compasstourist.com\/vi\/san-pham\/tour-du-lich-malaysia-4-ngay-3-dem\/"]}]},{"@type":"ImageObject","inLanguage":"vi-VN","@id":"https:\/\/compasstourist.com\/vi\/san-pham\/tour-du-lich-malaysia-4-ngay-3-dem\/#primaryimage","url":"https:\/\/compasstourist.com\/wp-content\/uploads\/2023\/10\/Malaysiajpg.jpg","contentUrl":"https:\/\/compasstourist.com\/wp-content\/uploads\/2023\/10\/Malaysiajpg.jpg","width":800,"height":400},{"@type":"BreadcrumbList","@id":"https:\/\/compasstourist.com\/vi\/san-pham\/tour-du-lich-malaysia-4-ngay-3-dem\/#breadcrumb","itemListElement":[{"@type":"ListItem","position":1,"name":"Home","item":"https:\/\/compasstourist.com\/vi\/"},{"@type":"ListItem","position":2,"name":"C\u1eeda h\u00e0ng","item":"https:\/\/compasstourist.com\/vi\/cua-hang\/"},{"@type":"ListItem","position":3,"name":"Tour du l\u1ecbch Malaysia 4 ng\u00e0y 3 \u0111\u00eam"}]},{"@type":"WebSite","@id":"https:\/\/compasstourist.com\/vi\/#website","url":"https:\/\/compasstourist.com\/vi\/","name":"Compass Tourist","description":"","potentialAction":[{"@type":"SearchAction","target":{"@type":"EntryPoint","urlTemplate":"https:\/\/compasstourist.com\/vi\/?s={search_term_string}"},"query-input":{"@type":"PropertyValueSpecification","valueRequired":true,"valueName":"search_term_string"}}],"inLanguage":"vi-VN"}]}},"_links":{"self":[{"href":"https:\/\/compasstourist.com\/vi\/wp-json\/wp\/v2\/product\/3942","targetHints":{"allow":["GET"]}}],"collection":[{"href":"https:\/\/compasstourist.com\/vi\/wp-json\/wp\/v2\/product"}],"about":[{"href":"https:\/\/compasstourist.com\/vi\/wp-json\/wp\/v2\/types\/product"}],"replies":[{"embeddable":true,"href":"https:\/\/compasstourist.com\/vi\/wp-json\/wp\/v2\/comments?post=3942"}],"wp:featuredmedia":[{"embeddable":true,"href":"https:\/\/compasstourist.com\/vi\/wp-json\/wp\/v2\/media\/3946"}],"wp:attachment":[{"href":"https:\/\/compasstourist.com\/vi\/wp-json\/wp\/v2\/media?parent=3942"}],"wp:term":[{"taxonomy":"product_brand","embeddable":true,"href":"https:\/\/compasstourist.com\/vi\/wp-json\/wp\/v2\/product_brand?post=3942"},{"taxonomy":"product_cat","embeddable":true,"href":"https:\/\/compasstourist.com\/vi\/wp-json\/wp\/v2\/product_cat?post=3942"},{"taxonomy":"product_tag","embeddable":true,"href":"https:\/\/compasstourist.com\/vi\/wp-json\/wp\/v2\/product_tag?post=3942"}],"curies":[{"name":"wp","href":"https:\/\/api.w.org\/{rel}","templated":true}]}}