{"id":209,"date":"2017-11-03T00:39:06","date_gmt":"2017-11-03T00:39:06","guid":{"rendered":"http:\/\/dulich17.maugiaodien.com\/?page_id=209"},"modified":"2025-12-05T11:24:45","modified_gmt":"2025-12-05T04:24:45","slug":"gioi-thieu","status":"publish","type":"page","link":"https:\/\/compasstourist.com\/vi\/gioi-thieu\/","title":{"rendered":"Gi\u1edbi thi\u1ec7u"},"content":{"rendered":"  <div id=\"page-header-189520919\" class=\"page-header-wrapper\">\n  <div class=\"page-title dark featured-title\">\n\n        <div class=\"page-title-bg\">\n      <div class=\"title-bg fill bg-fill\"\n        data-parallax-container=\".page-title\"\n        data-parallax-background\n        data-parallax=\"-\">\n      <\/div>\n      <div class=\"title-overlay fill\"><\/div>\n    <\/div>\n    \n    <div class=\"page-title-inner container align-center text-center flex-row-col medium-flex-wrap\" >\n              <div class=\"title-wrapper flex-col\">\n          <h1 class=\"entry-title mb-0\">\n            Gi\u1edbi thi\u1ec7u          <\/h1>\n        <\/div>\n                    <div class=\"title-content flex-col\">\n        <div class=\"title-breadcrumbs pb-half pt-half\"><nav class=\"woocommerce-breadcrumb breadcrumbs uppercase\">Home<\/nav><\/div>      <\/div>\n    <\/div>\n\n     \n<style>\n#page-header-189520919 .page-title-inner {\n  min-height: 370px;\n}\n#page-header-189520919 .title-bg {\n  background-image: url(https:\/\/compasstourist.com\/wp-content\/uploads\/2023\/09\/da-nang10.webp);\n  background-position: 59% 53%;\n}\n<\/style>\n  <\/div>\n    <\/div>\n  \n\t<section class=\"section\" id=\"section_1912183233\">\n\t\t<div class=\"bg section-bg fill bg-fill  bg-loaded\" >\n\n\t\t\t\n\t\t\t\n\t\t\t\n\n\t\t<\/div>\n\n\t\t<div class=\"section-content relative\">\n\t\t\t\n<div class=\"row row-small\"  id=\"row-173400285\">\n\n\t<div id=\"col-10191280\" class=\"col medium-9 small-12 large-9\"  >\n\t\t<div class=\"col-inner\"  >\n\t\t\t\n\t\t\t\n<div class=\"container section-title-container\" ><h3 class=\"section-title section-title-normal\"><b><\/b><span class=\"section-title-main\" style=\"color:rgb(2, 146, 206);\">V\u1ec0 CH\u00daNG T\u00d4I<\/span><b><\/b><\/h3><\/div>\n<p style=\"text-align: justify;\"><span style=\"color: #0292ce;\"><strong>C\u00f4ng Ty TNHH L\u1eef H\u00e0nh Qu\u1ed1c T\u1ebf Compass<\/strong><\/span><br \/>\n<span style=\"color: #000000;\">99B N\u00fai Th\u00e0nh, Ph\u01b0\u1eddng Ho\u00e0 Thu\u1eadn \u0110\u00f4ng, Qu\u1eadn H\u1ea3i Ch\u00e2u, Th\u00e0nh ph\u1ed1 \u0110\u00e0 N\u1eb5ng, Vi\u1ec7t Nam<\/span><br \/>\n<span style=\"color: #000000;\">\u0110i\u1ec7n tho\u1ea1i: 0964054878 &#8211; 0961318898<\/span><br \/>\n<span style=\"color: #000000;\">Email: lhqtcompass@gmail.com<\/span><\/p>\n<p><img loading=\"lazy\" decoding=\"async\" class=\"aligncenter size-full wp-image-20582\" src=\"https:\/\/compasstourist.com\/wp-content\/uploads\/2025\/11\/screenshot_1764142072.png\" alt=\"\" width=\"586\" height=\"844\" \/> <img loading=\"lazy\" decoding=\"async\" class=\"aligncenter size-full wp-image-20585\" src=\"https:\/\/compasstourist.com\/wp-content\/uploads\/2025\/11\/screenshot_1764142092.png\" alt=\"\" width=\"578\" height=\"845\" \/><\/p>\n<div>\n<p style=\"text-align: justify;\"><span style=\"color: #000000;\">C\u00d4NG TY TNHH L\u1eee H\u00c0NH QU\u1ed0C T\u1ebe COMPASS XIN K\u00cdNH CH\u00c0O!!!<\/span><\/p>\n<p style=\"text-align: justify;\"><span style=\"color: #000000;\">\u201cL\u1eddi \u0111\u1ea7u ti\u00ean, c\u00f4ng ty TNHH l\u1eef h\u00e0nh qu\u1ed1c t\u1ebf Compass (Compass tourist) xin g\u01b0\u0309i l\u01a1\u0300i cha\u0300o tr\u00e2n tr\u1ecdng v\u00e0 k\u00ednh ch\u00fac Qu\u00fd kha\u0301ch ha\u0300ng v\u00e0 Qu\u00fd \u0111\u00f4\u0301i ta\u0301c lu\u00f4n d\u1ed3i d\u00e0o s\u1ee9c kh\u1ecfe, tha\u0300nh c\u00f4ng trong cu\u1ed9c s\u1ed1ng!<\/span><\/p>\n<p style=\"text-align: justify;\"><span style=\"color: #000000;\">Du l\u1ecbch l\u1eef h\u00e0nh qu\u1ed1c t\u1ebf Compass l\u00e0 \u0111\u01a1n v\u1ecb l\u1eef h\u00e0nh qu\u1ed1c t\u1ebf h\u00e0ng \u0111\u1ea7u lu\u00f4n t\u1eadp trung v\u00e0o tr\u1ea3i nghi\u1ec7m kh\u00e1ch h\u00e0ng. V\u1edbi ph\u01b0\u01a1ng ch\u00e2m c\u1ea3m nh\u1eadn c\u1ee7a kh\u00e1ch h\u00e0ng l\u00e0 tr\u00ean h\u1ebft, ch\u00fang t\u00f4i h\u00e2n h\u1ea1nh gi\u1edbi thi\u1ec7u \u0111\u1ebfn qu\u00fd kh\u00e1ch nh\u1eefng d\u1ecbch v\u1ee5 sau:<\/span><\/p>\n<ul style=\"text-align: justify;\">\n<li><span style=\"color: #000000;\">Du l\u1ecbch qu\u1ed1c t\u1ebf;<\/span><\/li>\n<li><span style=\"color: #000000;\">T\u1ed5 ch\u1ee9c c\u00e1c tours du l\u1ecbch gi\u00e1 r\u1ebb gh\u00e9p \u0111o\u00e0n kh\u1edfi h\u00e0nh h\u00e0ng ng\u00e0y;<\/span><\/li>\n<li><span style=\"color: #000000;\">D\u1ecbch v\u1ee5 Visa, Passport;<\/span><\/li>\n<li><span style=\"color: #000000;\">D\u1ecbch v\u1ee5 \u0111\u1eb7t ph\u00f2ng kh\u00e1ch s\u1ea1n;<\/span><\/li>\n<li><span style=\"color: #000000;\">D\u1ecbch v\u1ee5 thu\u00ea xe du l\u1ecbch.<\/span><\/li>\n<\/ul>\n<p style=\"text-align: justify;\"><span style=\"color: #000000;\">\u0110\u1ebfn v\u1edbi Compass Tourist, qu\u00fd kh\u00e1ch kh\u00f4ng ch\u1ec9 \u0111\u01b0\u1ee3c tr\u1ea3i nghi\u1ec7m thi\u00ean nhi\u00ean t\u01b0\u01a1i \u0111\u1eb9p, c\u1ea3nh s\u1eafc tuy\u1ec7t v\u1eddi t\u1ea1i m\u1ed7i \u0111\u1ecba \u0111i\u1ec3m du l\u1ecbch; th\u01b0\u1edfng th\u1ee9c nh\u1eefng m\u00f3n \u0111\u1eb7c s\u1ea3n ngon l\u00e0nh, tr\u1ee9 danh hay ngh\u1ec9 ng\u01a1i t\u1ea1i nh\u1eefng kh\u00e1ch s\u1ea1n ti\u1ec7n nghi, tho\u1ea3i m\u00e1i m\u00e0 c\u00f2n \u0111\u01b0\u1ee3c h\u01b0\u1edbng d\u1eabn vi\u00ean c\u1ee7a ch\u00fang t\u00f4i th\u1ed5i h\u1ed3n c\u1ea3m x\u00fac v\u00e0o m\u1ed7i chuy\u1ebfn \u0111i b\u1eb1ng nh\u1eefng c\u00e2u chuy\u1ec7n \u00fd ngh\u0129a, khu\u1ea5y \u0111\u1ed9ng kh\u00f4ng gian b\u1eb1ng nh\u1eefng tr\u00f2 ch\u01a1i, ho\u1ea1t \u0111\u1ed9ng gi\u1ea3i tr\u00ed v\u00f4 c\u00f9ng vui v\u1ebb. \u0110\u1ec3 \u0111em \u0111\u1ebfn cho kh\u00e1ch h\u00e0ng nh\u1eefng d\u1ecbch v\u1ee5 du l\u1ecbch t\u1ed1t nh\u1ea5t, ch\u00fang t\u00f4i \u0111\u00e3 kh\u00f4ng ng\u1eebng n\u00e2ng cao ch\u1ea5t l\u01b0\u1ee3ng d\u1ecbch v\u1ee5, \u0111a d\u1ea1ng h\u00f3a s\u1ea3n ph\u1ea9m \u0111\u1ec3 ph\u1ee5c v\u1ee5 nhu c\u1ea7u ng\u00e0y c\u00e0ng \u0111a d\u1ea1ng c\u1ee7a qu\u00fd kh\u00e1ch h\u00e0ng \u0111i k\u00e8m v\u1edbi \u0111\u00f3 l\u00e0 th\u1ef1c hi\u1ec7n ch\u00ednh s\u00e1ch v\u1ec1 ch\u1ea5t l\u01b0\u1ee3ng v\u1edbi c\u00e1c ti\u00eau ch\u00ed :<\/span><\/p>\n<ul style=\"text-align: justify;\">\n<li><span style=\"color: #000000;\">B\u1ea3o \u0111\u1ea3m th\u1ef1c hi\u1ec7n \u0111\u00fang cam k\u1ebft \u0111\u00e3 th\u1ecfa thu\u1eadn;<\/span><\/li>\n<li><span style=\"color: #000000;\">B\u1ea3o \u0111\u1ea3m cung c\u1ea5p nh\u1eefng s\u1ea3n ph\u1ea9m \u0111\u00e3 \u0111\u01b0\u1ee3c ch\u1ecdn l\u1ecdc;<\/span><\/li>\n<li><span style=\"color: #000000;\">B\u1ea3o \u0111\u1ea3m gi\u00e1 c\u1ea3 h\u1ee3p l\u00fd v\u00e0 c\u1ea1nh tranh;<\/span><\/li>\n<li><span style=\"color: #000000;\">B\u1ea3o \u0111\u1ea3m phong c\u00e1ch ph\u1ee5c v\u1ee5 nhi\u1ec7t t\u00ecnh v\u00e0 chu \u0111\u00e1o.<\/span><\/li>\n<\/ul>\n<p style=\"text-align: justify;\"><span style=\"color: #000000;\">Ch\u00fang t\u00f4i lu\u00f4n c\u00f3 d\u1ecbch v\u1ee5 ch\u0103m s\u00f3c kh\u00e1ch h\u00e0ng v\u1edbi nh\u1eefng ho\u1ea1t \u0111\u1ed9ng khuy\u1ebfn m\u00e3i, h\u1eadu m\u00e3i ch\u1ea5t l\u01b0\u1ee3ng v\u00e0 chu \u0111\u00e1o \u0111\u01b0\u1ee3c ti\u1ebfn h\u00e0nh \u0111\u1ecbnh k\u1ef3 h\u00e0ng tu\u1ea7n, h\u00e0ng th\u00e1ng \u0111\u1ec3 g\u00f3p ph\u1ea7n n\u00e2ng cao gi\u00e1 tr\u1ecb s\u1ea3n ph\u1ea9m khi du kh\u00e1ch \u0111\u1ed3ng h\u00e0nh c\u00f9ng c\u00f4ng ty ch\u00fang t\u00f4i.<\/span><\/p>\n<p style=\"text-align: justify;\"><span style=\"color: #000000;\">V\u1edbi c\u1ed9ng h\u01b0\u1edfng n\u1ed7 l\u1ef1c c\u1ee7a \u0111\u1ed9i ng\u0169 nh\u00e2n vi\u00ean lu\u00f4n nhi\u1ec7t huy\u1ebft, n\u0103ng \u0111\u1ed9ng v\u00e0 gi\u00e0u kinh nghi\u1ec7m, ch\u00fang t\u00f4i lu\u00f4n mong mu\u1ed1n mang \u0111\u1ebfn s\u1ef1 tho\u1ea3i m\u00e1i cho kh\u00e1ch h\u00e0ng,\u00a0<strong>\u201cni\u1ec1m vui c\u1ee7a qu\u00fd kh\u00e1ch l\u00e0 ni\u1ec1m h\u1ea1nh ph\u00fac c\u1ee7a ch\u00fang t\u00f4i\u201d<\/strong>.<\/span><\/p>\n<p style=\"text-align: justify;\"><span style=\"color: #000000;\">B\u01b0\u1edbc v\u00e0o m\u1ed9t giai \u0111o\u1ea1n m\u1edbi v\u1edbi xu th\u1ebf h\u1ed9i nh\u1eadp s\u00e2u r\u1ed9ng v\u00e0 to\u00e0n di\u1ec7n v\u1edbi khu v\u1ef1c v\u00e0 th\u1ebf gi\u1edbi c\u0169ng c\u00f3 ngh\u0129a c\u00f4ng ty ph\u1ea3i \u0111\u1ed1i m\u1eb7t v\u1edbi s\u1ef1 c\u1ea1nh tranh kh\u1ed1c li\u1ec7t h\u01a1n, nhi\u1ec7m v\u1ee5, tr\u00e1ch nhi\u1ec7m to l\u1edbn h\u01a1n. \u0110\u1ec3 c\u00f3 th\u1ec3 ti\u1ebfp t\u1ee5c ph\u00e1t tri\u1ec3n v\u1eefng m\u1ea1nh, ch\u00fang t\u00f4i \u0111\u00e3 \u0111\u1ec1 ra chi\u1ebfn l\u01b0\u1ee3c ph\u00e1t tri\u1ec3n trong giai \u0111o\u1ea1n m\u1edbi \u0111\u00f3 l\u00e0: \u201cti\u1ebfp t\u1ee5c c\u1ea3i ti\u1ebfn, n\u00e2ng cao ch\u1ea5t l\u01b0\u1ee3ng s\u1ea3n ph\u1ea9m du l\u1ecbch v\u00e0 d\u1ecbch v\u1ee5; ho\u00e0n thi\u1ec7n ch\u00ednh s\u00e1ch ch\u0103m s\u00f3c kh\u00e1ch h\u00e0ng; t\u1eebng b\u01b0\u1edbc m\u1edf r\u1ed9ng th\u1ecb tr\u01b0\u1eddng trong v\u00e0 ngo\u00e0i n\u01b0\u1edbc; ph\u00e1t tri\u1ec3n m\u1ea1ng l\u01b0\u1edbi kinh doanh \u0111a d\u1ea1ng, phong ph\u00fa c\u00e1c tour du l\u1ecbch lu\u00f4n c\u00f3 s\u1ef1 \u0111\u1ed5i m\u1edbi v\u00e0 kh\u00e1c bi\u1ec7t, c\u00e1c lo\u1ea1i h\u00ecnh k\u00eanh ph\u00e2n ph\u1ed1i; \u1ee9ng d\u1ee5ng c\u00f4ng ngh\u1ec7 hi\u1ec7n \u0111\u1ea1i trong ho\u1ea1t \u0111\u1ed9ng v\u00e0 qu\u1ea3n l\u00fd doanh nghi\u1ec7p\u201d \u0111\u1ec3 ng\u00e0y c\u00e0ng \u0111em \u0111\u1ebfn cho qu\u00fd kh\u00e1ch h\u00e0ng nh\u1eefng gi\u00e1 tr\u1ecb \u0111\u00edch th\u1ef1c v\u00e0 s\u1ef1 th\u1ecfa m\u00e3n cao nh\u1ea5t.<\/span><\/p>\n<p style=\"text-align: justify;\"><span style=\"color: #000000;\"><em>M\u1ed9t l\u1ea7n n\u1eefa, ch\u00fang t\u00f4i xin g\u1eedi \u0111\u1ebfn to\u00e0n th\u1ec3 qu\u00fd kh\u00e1ch h\u00e0ng l\u1eddi ch\u00fac s\u1ee9c kh\u1ecfe v\u00e0 c\u1ea3m \u01a1n ch\u00e2n th\u00e0nh nh\u1ea5t. Ch\u00fang t\u00f4i cam k\u1ebft s\u1ebd kh\u00f4ng ng\u1eebng ph\u00e1t tri\u1ec3n, ph\u1ee5c v\u1ee5 Qu\u00fd du kh\u00e1ch nh\u1eefng d\u1ecbch v\u1ee5 ng\u00e0y c\u00e0ng ho\u00e0n h\u1ea3o h\u01a1n, \u0111\u1ec3 x\u1ee9ng \u0111\u00e1ng v\u1edbi s\u1ef1 t\u00edn nhi\u1ec7m c\u1ee7a Qu\u00fd kh\u00e1ch khi l\u1ef1a ch\u1ecdn c\u00f4ng ty ch\u00fang t\u00f4i!<\/em><\/span><\/p>\n<p style=\"text-align: center;\"><span style=\"font-size: 95%; color: #000000;\"><strong>Compass Tourist &#8211; Ni\u1ec1m vui c\u1ee7a qu\u00fd kh\u00e1ch l\u00e0 ni\u1ec1m h\u1ea1nh ph\u00fac c\u1ee7a ch\u00fang t\u00f4i<\/strong><\/span><\/p>\n<\/div>\n\t\t<\/div>\n\t\t\t<\/div>\n\n\t\n\n\t<div id=\"col-1650774619\" class=\"col medium-3 small-12 large-3\"  >\n\t\t<div class=\"col-inner\"  >\n\t\t\t\n\t\t\t\n<ul class=\"sidebar-wrapper ul-reset\"><\/ul>\n\t\t<\/div>\n\t\t\t<\/div>\n\n\t\n<\/div>\n\t\t<\/div>\n\n\t\t\n<style>\n#section_1912183233 {\n  padding-top: 30px;\n  padding-bottom: 30px;\n}\n<\/style>\n\t<\/section>\n\t\n","protected":false},"excerpt":{"rendered":"","protected":false},"author":6,"featured_media":0,"parent":0,"menu_order":0,"comment_status":"closed","ping_status":"closed","template":"page-blank.php","meta":{"_acf_changed":false,"footnotes":""},"class_list":["post-209","page","type-page","status-publish","hentry"],"acf":[],"yoast_head":"<!-- This site is optimized with the Yoast SEO plugin v25.8 - https:\/\/yoast.com\/wordpress\/plugins\/seo\/ -->\n<title>Gi\u1edbi thi\u1ec7u - Compass Tourist<\/title>\n<meta name=\"robots\" content=\"index, follow, max-snippet:-1, max-image-preview:large, max-video-preview:-1\" \/>\n<link rel=\"canonical\" href=\"https:\/\/compasstourist.com\/vi\/gioi-thieu\/\" \/>\n<meta property=\"og:locale\" content=\"vi_VN\" \/>\n<meta property=\"og:type\" content=\"article\" \/>\n<meta property=\"og:title\" content=\"Gi\u1edbi thi\u1ec7u - Compass Tourist\" \/>\n<meta property=\"og:url\" content=\"https:\/\/compasstourist.com\/vi\/gioi-thieu\/\" \/>\n<meta property=\"og:site_name\" content=\"Compass Tourist\" \/>\n<meta property=\"article:modified_time\" content=\"2025-12-05T04:24:45+00:00\" \/>\n<meta property=\"og:image\" content=\"https:\/\/compasstourist.com\/wp-content\/uploads\/2025\/11\/screenshot_1764142072.png\" \/>\n\t<meta property=\"og:image:width\" content=\"586\" \/>\n\t<meta property=\"og:image:height\" content=\"844\" \/>\n\t<meta property=\"og:image:type\" content=\"image\/png\" \/>\n<meta name=\"twitter:card\" content=\"summary_large_image\" \/>\n<meta name=\"twitter:label1\" content=\"Est. reading time\" \/>\n\t<meta name=\"twitter:data1\" content=\"4 minutes\" \/>\n<script type=\"application\/ld+json\" class=\"yoast-schema-graph\">{\"@context\":\"https:\/\/schema.org\",\"@graph\":[{\"@type\":\"WebPage\",\"@id\":\"https:\/\/compasstourist.com\/vi\/gioi-thieu\/\",\"url\":\"https:\/\/compasstourist.com\/vi\/gioi-thieu\/\",\"name\":\"Gi\u1edbi thi\u1ec7u - Compass Tourist\",\"isPartOf\":{\"@id\":\"https:\/\/compasstourist.com\/vi\/#website\"},\"primaryImageOfPage\":{\"@id\":\"https:\/\/compasstourist.com\/vi\/gioi-thieu\/#primaryimage\"},\"image\":{\"@id\":\"https:\/\/compasstourist.com\/vi\/gioi-thieu\/#primaryimage\"},\"thumbnailUrl\":\"https:\/\/compasstourist.com\/wp-content\/uploads\/2025\/11\/screenshot_1764142072.png\",\"datePublished\":\"2017-11-03T00:39:06+00:00\",\"dateModified\":\"2025-12-05T04:24:45+00:00\",\"breadcrumb\":{\"@id\":\"https:\/\/compasstourist.com\/vi\/gioi-thieu\/#breadcrumb\"},\"inLanguage\":\"vi-VN\",\"potentialAction\":[{\"@type\":\"ReadAction\",\"target\":[\"https:\/\/compasstourist.com\/vi\/gioi-thieu\/\"]}]},{\"@type\":\"ImageObject\",\"inLanguage\":\"vi-VN\",\"@id\":\"https:\/\/compasstourist.com\/vi\/gioi-thieu\/#primaryimage\",\"url\":\"https:\/\/compasstourist.com\/wp-content\/uploads\/2025\/11\/screenshot_1764142072.png\",\"contentUrl\":\"https:\/\/compasstourist.com\/wp-content\/uploads\/2025\/11\/screenshot_1764142072.png\"},{\"@type\":\"BreadcrumbList\",\"@id\":\"https:\/\/compasstourist.com\/vi\/gioi-thieu\/#breadcrumb\",\"itemListElement\":[{\"@type\":\"ListItem\",\"position\":1,\"name\":\"Home\",\"item\":\"https:\/\/compasstourist.com\/vi\/\"},{\"@type\":\"ListItem\",\"position\":2,\"name\":\"Gi\u1edbi thi\u1ec7u\"}]},{\"@type\":\"WebSite\",\"@id\":\"https:\/\/compasstourist.com\/vi\/#website\",\"url\":\"https:\/\/compasstourist.com\/vi\/\",\"name\":\"Compass Tourist\",\"description\":\"\",\"potentialAction\":[{\"@type\":\"SearchAction\",\"target\":{\"@type\":\"EntryPoint\",\"urlTemplate\":\"https:\/\/compasstourist.com\/vi\/?s={search_term_string}\"},\"query-input\":{\"@type\":\"PropertyValueSpecification\",\"valueRequired\":true,\"valueName\":\"search_term_string\"}}],\"inLanguage\":\"vi-VN\"}]}<\/script>\n<!-- \/ Yoast SEO plugin. -->","yoast_head_json":{"title":"Gi\u1edbi thi\u1ec7u - Compass Tourist","robots":{"index":"index","follow":"follow","max-snippet":"max-snippet:-1","max-image-preview":"max-image-preview:large","max-video-preview":"max-video-preview:-1"},"canonical":"https:\/\/compasstourist.com\/vi\/gioi-thieu\/","og_locale":"vi_VN","og_type":"article","og_title":"Gi\u1edbi thi\u1ec7u - Compass Tourist","og_url":"https:\/\/compasstourist.com\/vi\/gioi-thieu\/","og_site_name":"Compass Tourist","article_modified_time":"2025-12-05T04:24:45+00:00","og_image":[{"width":586,"height":844,"url":"https:\/\/compasstourist.com\/wp-content\/uploads\/2025\/11\/screenshot_1764142072.png","type":"image\/png"}],"twitter_card":"summary_large_image","twitter_misc":{"Est. reading time":"4 minutes"},"schema":{"@context":"https:\/\/schema.org","@graph":[{"@type":"WebPage","@id":"https:\/\/compasstourist.com\/vi\/gioi-thieu\/","url":"https:\/\/compasstourist.com\/vi\/gioi-thieu\/","name":"Gi\u1edbi thi\u1ec7u - Compass Tourist","isPartOf":{"@id":"https:\/\/compasstourist.com\/vi\/#website"},"primaryImageOfPage":{"@id":"https:\/\/compasstourist.com\/vi\/gioi-thieu\/#primaryimage"},"image":{"@id":"https:\/\/compasstourist.com\/vi\/gioi-thieu\/#primaryimage"},"thumbnailUrl":"https:\/\/compasstourist.com\/wp-content\/uploads\/2025\/11\/screenshot_1764142072.png","datePublished":"2017-11-03T00:39:06+00:00","dateModified":"2025-12-05T04:24:45+00:00","breadcrumb":{"@id":"https:\/\/compasstourist.com\/vi\/gioi-thieu\/#breadcrumb"},"inLanguage":"vi-VN","potentialAction":[{"@type":"ReadAction","target":["https:\/\/compasstourist.com\/vi\/gioi-thieu\/"]}]},{"@type":"ImageObject","inLanguage":"vi-VN","@id":"https:\/\/compasstourist.com\/vi\/gioi-thieu\/#primaryimage","url":"https:\/\/compasstourist.com\/wp-content\/uploads\/2025\/11\/screenshot_1764142072.png","contentUrl":"https:\/\/compasstourist.com\/wp-content\/uploads\/2025\/11\/screenshot_1764142072.png"},{"@type":"BreadcrumbList","@id":"https:\/\/compasstourist.com\/vi\/gioi-thieu\/#breadcrumb","itemListElement":[{"@type":"ListItem","position":1,"name":"Home","item":"https:\/\/compasstourist.com\/vi\/"},{"@type":"ListItem","position":2,"name":"Gi\u1edbi thi\u1ec7u"}]},{"@type":"WebSite","@id":"https:\/\/compasstourist.com\/vi\/#website","url":"https:\/\/compasstourist.com\/vi\/","name":"Compass Tourist","description":"","potentialAction":[{"@type":"SearchAction","target":{"@type":"EntryPoint","urlTemplate":"https:\/\/compasstourist.com\/vi\/?s={search_term_string}"},"query-input":{"@type":"PropertyValueSpecification","valueRequired":true,"valueName":"search_term_string"}}],"inLanguage":"vi-VN"}]}},"_links":{"self":[{"href":"https:\/\/compasstourist.com\/vi\/wp-json\/wp\/v2\/pages\/209","targetHints":{"allow":["GET"]}}],"collection":[{"href":"https:\/\/compasstourist.com\/vi\/wp-json\/wp\/v2\/pages"}],"about":[{"href":"https:\/\/compasstourist.com\/vi\/wp-json\/wp\/v2\/types\/page"}],"author":[{"embeddable":true,"href":"https:\/\/compasstourist.com\/vi\/wp-json\/wp\/v2\/users\/6"}],"replies":[{"embeddable":true,"href":"https:\/\/compasstourist.com\/vi\/wp-json\/wp\/v2\/comments?post=209"}],"version-history":[{"count":1,"href":"https:\/\/compasstourist.com\/vi\/wp-json\/wp\/v2\/pages\/209\/revisions"}],"predecessor-version":[{"id":20643,"href":"https:\/\/compasstourist.com\/vi\/wp-json\/wp\/v2\/pages\/209\/revisions\/20643"}],"wp:attachment":[{"href":"https:\/\/compasstourist.com\/vi\/wp-json\/wp\/v2\/media?parent=209"}],"curies":[{"name":"wp","href":"https:\/\/api.w.org\/{rel}","templated":true}]}}