{"id":16676,"date":"2025-07-29T10:55:29","date_gmt":"2025-07-29T03:55:29","guid":{"rendered":"https:\/\/compasstourist.com\/?page_id=16676"},"modified":"2025-07-29T10:55:29","modified_gmt":"2025-07-29T03:55:29","slug":"doi-ngu-nhan-vien","status":"publish","type":"page","link":"https:\/\/compasstourist.com\/vi\/doi-ngu-nhan-vien\/","title":{"rendered":"\u0110\u1ed9i ng\u0169 nh\u00e2n vi\u00ean"},"content":{"rendered":"<p>\u0110\u1ed9i ng\u0169 nh\u00e2n vi\u00ean \u0110\u1ed9i ng\u0169 nh\u00e2n vi\u00ean<\/p>\n","protected":false},"excerpt":{"rendered":"<p>\u0110\u1ed9i ng\u0169 nh\u00e2n vi\u00ean \u0110\u1ed9i ng\u0169 nh\u00e2n vi\u00ean<\/p>\n","protected":false},"author":11,"featured_media":0,"parent":0,"menu_order":6,"comment_status":"closed","ping_status":"closed","template":"","meta":{"_acf_changed":false,"footnotes":""},"class_list":["post-16676","page","type-page","status-publish","hentry"],"acf":[],"yoast_head":"<!-- This site is optimized with the Yoast SEO plugin v25.8 - https:\/\/yoast.com\/wordpress\/plugins\/seo\/ -->\n<title>\u0110\u1ed9i ng\u0169 nh\u00e2n vi\u00ean - Compass Tourist<\/title>\n<meta name=\"robots\" content=\"index, follow, max-snippet:-1, max-image-preview:large, max-video-preview:-1\" \/>\n<link rel=\"canonical\" href=\"https:\/\/compasstourist.com\/vi\/doi-ngu-nhan-vien\/\" \/>\n<meta property=\"og:locale\" content=\"vi_VN\" \/>\n<meta property=\"og:type\" content=\"article\" \/>\n<meta property=\"og:title\" content=\"\u0110\u1ed9i ng\u0169 nh\u00e2n vi\u00ean - Compass Tourist\" \/>\n<meta property=\"og:description\" content=\"\u0110\u1ed9i ng\u0169 nh\u00e2n vi\u00ean \u0110\u1ed9i ng\u0169 nh\u00e2n vi\u00ean\" \/>\n<meta property=\"og:url\" content=\"https:\/\/compasstourist.com\/vi\/doi-ngu-nhan-vien\/\" \/>\n<meta property=\"og:site_name\" content=\"Compass Tourist\" \/>\n<meta name=\"twitter:card\" content=\"summary_large_image\" \/>\n<script type=\"application\/ld+json\" class=\"yoast-schema-graph\">{\"@context\":\"https:\/\/schema.org\",\"@graph\":[{\"@type\":\"WebPage\",\"@id\":\"https:\/\/compasstourist.com\/vi\/doi-ngu-nhan-vien\/\",\"url\":\"https:\/\/compasstourist.com\/vi\/doi-ngu-nhan-vien\/\",\"name\":\"\u0110\u1ed9i ng\u0169 nh\u00e2n vi\u00ean - Compass Tourist\",\"isPartOf\":{\"@id\":\"https:\/\/compasstourist.com\/vi\/#website\"},\"datePublished\":\"2025-07-29T03:55:29+00:00\",\"breadcrumb\":{\"@id\":\"https:\/\/compasstourist.com\/vi\/doi-ngu-nhan-vien\/#breadcrumb\"},\"inLanguage\":\"vi-VN\",\"potentialAction\":[{\"@type\":\"ReadAction\",\"target\":[\"https:\/\/compasstourist.com\/vi\/doi-ngu-nhan-vien\/\"]}]},{\"@type\":\"BreadcrumbList\",\"@id\":\"https:\/\/compasstourist.com\/vi\/doi-ngu-nhan-vien\/#breadcrumb\",\"itemListElement\":[{\"@type\":\"ListItem\",\"position\":1,\"name\":\"Home\",\"item\":\"https:\/\/compasstourist.com\/vi\/\"},{\"@type\":\"ListItem\",\"position\":2,\"name\":\"\u0110\u1ed9i ng\u0169 nh\u00e2n vi\u00ean\"}]},{\"@type\":\"WebSite\",\"@id\":\"https:\/\/compasstourist.com\/vi\/#website\",\"url\":\"https:\/\/compasstourist.com\/vi\/\",\"name\":\"Compass Tourist\",\"description\":\"\",\"potentialAction\":[{\"@type\":\"SearchAction\",\"target\":{\"@type\":\"EntryPoint\",\"urlTemplate\":\"https:\/\/compasstourist.com\/vi\/?s={search_term_string}\"},\"query-input\":{\"@type\":\"PropertyValueSpecification\",\"valueRequired\":true,\"valueName\":\"search_term_string\"}}],\"inLanguage\":\"vi-VN\"}]}<\/script>\n<!-- \/ Yoast SEO plugin. -->","yoast_head_json":{"title":"\u0110\u1ed9i ng\u0169 nh\u00e2n vi\u00ean - Compass Tourist","robots":{"index":"index","follow":"follow","max-snippet":"max-snippet:-1","max-image-preview":"max-image-preview:large","max-video-preview":"max-video-preview:-1"},"canonical":"https:\/\/compasstourist.com\/vi\/doi-ngu-nhan-vien\/","og_locale":"vi_VN","og_type":"article","og_title":"\u0110\u1ed9i ng\u0169 nh\u00e2n vi\u00ean - Compass Tourist","og_description":"\u0110\u1ed9i ng\u0169 nh\u00e2n vi\u00ean \u0110\u1ed9i ng\u0169 nh\u00e2n vi\u00ean","og_url":"https:\/\/compasstourist.com\/vi\/doi-ngu-nhan-vien\/","og_site_name":"Compass Tourist","twitter_card":"summary_large_image","schema":{"@context":"https:\/\/schema.org","@graph":[{"@type":"WebPage","@id":"https:\/\/compasstourist.com\/vi\/doi-ngu-nhan-vien\/","url":"https:\/\/compasstourist.com\/vi\/doi-ngu-nhan-vien\/","name":"\u0110\u1ed9i ng\u0169 nh\u00e2n vi\u00ean - Compass Tourist","isPartOf":{"@id":"https:\/\/compasstourist.com\/vi\/#website"},"datePublished":"2025-07-29T03:55:29+00:00","breadcrumb":{"@id":"https:\/\/compasstourist.com\/vi\/doi-ngu-nhan-vien\/#breadcrumb"},"inLanguage":"vi-VN","potentialAction":[{"@type":"ReadAction","target":["https:\/\/compasstourist.com\/vi\/doi-ngu-nhan-vien\/"]}]},{"@type":"BreadcrumbList","@id":"https:\/\/compasstourist.com\/vi\/doi-ngu-nhan-vien\/#breadcrumb","itemListElement":[{"@type":"ListItem","position":1,"name":"Home","item":"https:\/\/compasstourist.com\/vi\/"},{"@type":"ListItem","position":2,"name":"\u0110\u1ed9i ng\u0169 nh\u00e2n vi\u00ean"}]},{"@type":"WebSite","@id":"https:\/\/compasstourist.com\/vi\/#website","url":"https:\/\/compasstourist.com\/vi\/","name":"Compass Tourist","description":"","potentialAction":[{"@type":"SearchAction","target":{"@type":"EntryPoint","urlTemplate":"https:\/\/compasstourist.com\/vi\/?s={search_term_string}"},"query-input":{"@type":"PropertyValueSpecification","valueRequired":true,"valueName":"search_term_string"}}],"inLanguage":"vi-VN"}]}},"_links":{"self":[{"href":"https:\/\/compasstourist.com\/vi\/wp-json\/wp\/v2\/pages\/16676","targetHints":{"allow":["GET"]}}],"collection":[{"href":"https:\/\/compasstourist.com\/vi\/wp-json\/wp\/v2\/pages"}],"about":[{"href":"https:\/\/compasstourist.com\/vi\/wp-json\/wp\/v2\/types\/page"}],"author":[{"embeddable":true,"href":"https:\/\/compasstourist.com\/vi\/wp-json\/wp\/v2\/users\/11"}],"replies":[{"embeddable":true,"href":"https:\/\/compasstourist.com\/vi\/wp-json\/wp\/v2\/comments?post=16676"}],"version-history":[{"count":0,"href":"https:\/\/compasstourist.com\/vi\/wp-json\/wp\/v2\/pages\/16676\/revisions"}],"wp:attachment":[{"href":"https:\/\/compasstourist.com\/vi\/wp-json\/wp\/v2\/media?parent=16676"}],"curies":[{"name":"wp","href":"https:\/\/api.w.org\/{rel}","templated":true}]}}